{"id":17,"date":"2011-04-19T22:26:39","date_gmt":"2011-04-20T02:26:39","guid":{"rendered":"http:\/\/www.csbk.org\/?page_id=17"},"modified":"2026-02-15T20:49:52","modified_gmt":"2026-02-16T01:49:52","slug":"use-paypal-for-secure-online-paymentsdonations","status":"publish","type":"page","link":"https:\/\/csbk.org\/en\/use-paypal-for-secure-online-paymentsdonations\/","title":{"rendered":"Donate"},"content":{"rendered":"<form action=\"https:\/\/www.paypal.com\/cgi-bin\/webscr\" method=\"post\"><input name=\"cmd\" type=\"hidden\" value=\"_s-xclick\" \/> <input name=\"hosted_button_id\" type=\"hidden\" value=\"8DA5QP9TRTEKN\" \/> <input name=\"amount\" type=\"hidden\" value=\"25.00\" \/><\/form>\n<form action=\"https:\/\/www.paypal.com\/cgi-bin\/webscr\" method=\"post\">\n<h2><strong><span style=\"color: #008000;\">Want to help the American Hungarian Friends of Scouting?\u00a0 <\/span><span style=\"color: #008000;\">Use PayPal or your credit card.<\/span><\/strong><\/h2>\n<p><span style=\"color: #000000;\">Use the secure\u00a0link below to make\u00a0a donation or ticket payment to the AHFS with your credit card or through your PayPal account.\u00a0 It&#8217;s easy and fast!<\/span><\/p>\n<p><span style=\"color: #000000;\">All donations are acknowledged in writing to your mail address for tax deduction purposes.<\/span><\/p>\n<p><span style=\"color: #000000;\"><em>The American Hungarian Friends of Scouting (#52064) is approved to receive donor designations through United Way campaigns.<\/em><\/span><\/p>\n<p>&nbsp;<\/p>\n<p><input name=\"cmd\" type=\"hidden\" value=\"_s-xclick\" \/> <input name=\"hosted_button_id\" type=\"hidden\" value=\"8DA5QP9TRTEKN\" \/> <input alt=\"PayPal - The safer, easier way to pay online!\" name=\"submit\" src=\"https:\/\/www.paypalobjects.com\/WEBSCR-640-20110401-1\/en_US\/i\/btn\/btn_donateCC_LG.gif\" type=\"image\" \/> <img decoding=\"async\" src=\"https:\/\/www.paypalobjects.com\/WEBSCR-640-20110401-1\/en_US\/i\/scr\/pixel.gif\" alt=\"\" width=\"1\" height=\"1\" border=\"0\" \/>\u00a0 \u00a0 \u00a0 <strong>OR<\/strong>\u00a0 \u00a0 \u00a0 <strong><span style=\"color: #0000ff;\"><a style=\"color: #0000ff;\" href=\"https:\/\/givebutter.com\/rtRgMO\" target=\"_blank\" rel=\"noopener noreferrer\">2026 Annual Fundraising Campaign<\/a><\/span><\/strong><\/p>\n<p><strong>OR<\/strong> \u00a0\u00a0 \u00a0<span style=\"color: #0000ff;\"><strong><a style=\"color: #0000ff;\" href=\"https:\/\/givebutter.com\/2026-jo-munkat\">2026 &#8220;J\u00f3 Munk\u00e1t!&#8221; newsletter donation<\/a><\/strong><\/span><\/p>\n<p>&nbsp;<\/p>\n<p><em><strong>You may also mail a check to:<\/strong><\/em><\/p>\n<p><strong>American Hungarian Friends of Scouting (AHFS)<\/strong><br \/>\n<strong>P.O. Box 6783<\/strong><br \/>\n<strong>Cleveland, OH 44101<\/strong><\/p>\n<p>&nbsp;<\/p>\n<p><span style=\"color: #000000;\">Our Scout leaders work tirelessly to instill the spirit of Scouting and their Hungarian heritage in our youth.<\/span><\/p>\n<div><span style=\"color: #000000;\">Your donation is requested to provide financial stability, which will allow us to continue our work.\u00a0 Every donation will be kept locally and used for our scouting programs.<\/span><\/div>\n<div><\/div>\n<div><span style=\"color: #000000;\">As a 501(c)(3) organization, <em>your charitable contributions are tax deductible.<\/em><\/span><\/div>\n<div><\/div>\n<div><\/div>\n<\/form>\n","protected":false},"excerpt":{"rendered":"<p>Want to help the American Hungarian Friends of Scouting?\u00a0 Use PayPal or your credit card. Use the secure\u00a0link below to make\u00a0a donation  [&#8230;]<\/p>\n","protected":false},"author":3,"featured_media":0,"parent":0,"menu_order":0,"comment_status":"open","ping_status":"closed","template":"100-width.php","meta":{"jetpack_post_was_ever_published":false,"footnotes":""},"class_list":["post-17","page","type-page","status-publish","hentry"],"yoast_head":"<!-- This site is optimized with the Yoast SEO plugin v27.4 - https:\/\/yoast.com\/product\/yoast-seo-wordpress\/ -->\n<title>Donate - Cserk\u00e9sz Bar\u00e1tok K\u00f6re<\/title>\n<meta name=\"robots\" content=\"index, follow, max-snippet:-1, max-image-preview:large, max-video-preview:-1\" \/>\n<link rel=\"canonical\" href=\"https:\/\/csbk.org\/en\/use-paypal-for-secure-online-paymentsdonations\/\" \/>\n<meta property=\"og:locale\" content=\"en_US\" \/>\n<meta property=\"og:type\" content=\"article\" \/>\n<meta property=\"og:title\" content=\"Donate - Cserk\u00e9sz Bar\u00e1tok K\u00f6re\" \/>\n<meta property=\"og:description\" content=\"Want to help the American Hungarian Friends of Scouting?\u00a0 Use PayPal or your credit card. Use the secure\u00a0link below to make\u00a0a donation [...]\" \/>\n<meta property=\"og:url\" content=\"https:\/\/csbk.org\/en\/use-paypal-for-secure-online-paymentsdonations\/\" \/>\n<meta property=\"og:site_name\" content=\"Cserk\u00e9sz Bar\u00e1tok K\u00f6re\" \/>\n<meta property=\"article:publisher\" content=\"https:\/\/www.facebook.com\/profile.php?id=100064848181786\" \/>\n<meta property=\"article:modified_time\" content=\"2026-02-16T01:49:52+00:00\" \/>\n<meta property=\"og:image\" content=\"https:\/\/www.paypalobjects.com\/WEBSCR-640-20110401-1\/en_US\/i\/scr\/pixel.gif\" \/>\n<meta name=\"twitter:card\" content=\"summary_large_image\" \/>\n<meta name=\"twitter:label1\" content=\"Est. reading time\" \/>\n\t<meta name=\"twitter:data1\" content=\"1 minute\" \/>\n<script type=\"application\/ld+json\" class=\"yoast-schema-graph\">{\"@context\":\"https:\\\/\\\/schema.org\",\"@graph\":[{\"@type\":\"WebPage\",\"@id\":\"https:\\\/\\\/csbk.org\\\/en\\\/use-paypal-for-secure-online-paymentsdonations\\\/\",\"url\":\"https:\\\/\\\/csbk.org\\\/en\\\/use-paypal-for-secure-online-paymentsdonations\\\/\",\"name\":\"Donate - Cserk\u00e9sz Bar\u00e1tok K\u00f6re\",\"isPartOf\":{\"@id\":\"https:\\\/\\\/csbk.org\\\/en\\\/#website\"},\"primaryImageOfPage\":{\"@id\":\"https:\\\/\\\/csbk.org\\\/en\\\/use-paypal-for-secure-online-paymentsdonations\\\/#primaryimage\"},\"image\":{\"@id\":\"https:\\\/\\\/csbk.org\\\/en\\\/use-paypal-for-secure-online-paymentsdonations\\\/#primaryimage\"},\"thumbnailUrl\":\"https:\\\/\\\/www.paypalobjects.com\\\/WEBSCR-640-20110401-1\\\/en_US\\\/i\\\/scr\\\/pixel.gif\",\"datePublished\":\"2011-04-20T02:26:39+00:00\",\"dateModified\":\"2026-02-16T01:49:52+00:00\",\"breadcrumb\":{\"@id\":\"https:\\\/\\\/csbk.org\\\/en\\\/use-paypal-for-secure-online-paymentsdonations\\\/#breadcrumb\"},\"inLanguage\":\"en-US\",\"potentialAction\":[{\"@type\":\"ReadAction\",\"target\":[\"https:\\\/\\\/csbk.org\\\/en\\\/use-paypal-for-secure-online-paymentsdonations\\\/\"]}]},{\"@type\":\"ImageObject\",\"inLanguage\":\"en-US\",\"@id\":\"https:\\\/\\\/csbk.org\\\/en\\\/use-paypal-for-secure-online-paymentsdonations\\\/#primaryimage\",\"url\":\"https:\\\/\\\/www.paypalobjects.com\\\/WEBSCR-640-20110401-1\\\/en_US\\\/i\\\/scr\\\/pixel.gif\",\"contentUrl\":\"https:\\\/\\\/www.paypalobjects.com\\\/WEBSCR-640-20110401-1\\\/en_US\\\/i\\\/scr\\\/pixel.gif\"},{\"@type\":\"BreadcrumbList\",\"@id\":\"https:\\\/\\\/csbk.org\\\/en\\\/use-paypal-for-secure-online-paymentsdonations\\\/#breadcrumb\",\"itemListElement\":[{\"@type\":\"ListItem\",\"position\":1,\"name\":\"Home\",\"item\":\"https:\\\/\\\/csbk.org\\\/en\\\/\"},{\"@type\":\"ListItem\",\"position\":2,\"name\":\"Donate\"}]},{\"@type\":\"WebSite\",\"@id\":\"https:\\\/\\\/csbk.org\\\/en\\\/#website\",\"url\":\"https:\\\/\\\/csbk.org\\\/en\\\/\",\"name\":\"Cserk\u00e9sz Bar\u00e1tok K\u00f6re\",\"description\":\"American Hungarian Friends of Scouting\",\"publisher\":{\"@id\":\"https:\\\/\\\/csbk.org\\\/en\\\/#organization\"},\"potentialAction\":[{\"@type\":\"SearchAction\",\"target\":{\"@type\":\"EntryPoint\",\"urlTemplate\":\"https:\\\/\\\/csbk.org\\\/en\\\/?s={search_term_string}\"},\"query-input\":{\"@type\":\"PropertyValueSpecification\",\"valueRequired\":true,\"valueName\":\"search_term_string\"}}],\"inLanguage\":\"en-US\"},{\"@type\":\"Organization\",\"@id\":\"https:\\\/\\\/csbk.org\\\/en\\\/#organization\",\"name\":\"Cserk\u00e9sz Bar\u00e1tok K\u00f6re\",\"url\":\"https:\\\/\\\/csbk.org\\\/en\\\/\",\"logo\":{\"@type\":\"ImageObject\",\"inLanguage\":\"en-US\",\"@id\":\"https:\\\/\\\/csbk.org\\\/en\\\/#\\\/schema\\\/logo\\\/image\\\/\",\"url\":\"https:\\\/\\\/csbk.org\\\/wp-content\\\/uploads\\\/2018\\\/12\\\/CSBK-WEB-Fejlec2.jpg\",\"contentUrl\":\"https:\\\/\\\/csbk.org\\\/wp-content\\\/uploads\\\/2018\\\/12\\\/CSBK-WEB-Fejlec2.jpg\",\"width\":1200,\"height\":190,\"caption\":\"Cserk\u00e9sz Bar\u00e1tok K\u00f6re\"},\"image\":{\"@id\":\"https:\\\/\\\/csbk.org\\\/en\\\/#\\\/schema\\\/logo\\\/image\\\/\"},\"sameAs\":[\"https:\\\/\\\/www.facebook.com\\\/profile.php?id=100064848181786\"]}]}<\/script>\n<!-- \/ Yoast SEO plugin. -->","yoast_head_json":{"title":"Donate - Cserk\u00e9sz Bar\u00e1tok K\u00f6re","robots":{"index":"index","follow":"follow","max-snippet":"max-snippet:-1","max-image-preview":"max-image-preview:large","max-video-preview":"max-video-preview:-1"},"canonical":"https:\/\/csbk.org\/en\/use-paypal-for-secure-online-paymentsdonations\/","og_locale":"en_US","og_type":"article","og_title":"Donate - Cserk\u00e9sz Bar\u00e1tok K\u00f6re","og_description":"Want to help the American Hungarian Friends of Scouting?\u00a0 Use PayPal or your credit card. Use the secure\u00a0link below to make\u00a0a donation [...]","og_url":"https:\/\/csbk.org\/en\/use-paypal-for-secure-online-paymentsdonations\/","og_site_name":"Cserk\u00e9sz Bar\u00e1tok K\u00f6re","article_publisher":"https:\/\/www.facebook.com\/profile.php?id=100064848181786","article_modified_time":"2026-02-16T01:49:52+00:00","og_image":[{"url":"https:\/\/www.paypalobjects.com\/WEBSCR-640-20110401-1\/en_US\/i\/scr\/pixel.gif","type":"","width":"","height":""}],"twitter_card":"summary_large_image","twitter_misc":{"Est. reading time":"1 minute"},"schema":{"@context":"https:\/\/schema.org","@graph":[{"@type":"WebPage","@id":"https:\/\/csbk.org\/en\/use-paypal-for-secure-online-paymentsdonations\/","url":"https:\/\/csbk.org\/en\/use-paypal-for-secure-online-paymentsdonations\/","name":"Donate - Cserk\u00e9sz Bar\u00e1tok K\u00f6re","isPartOf":{"@id":"https:\/\/csbk.org\/en\/#website"},"primaryImageOfPage":{"@id":"https:\/\/csbk.org\/en\/use-paypal-for-secure-online-paymentsdonations\/#primaryimage"},"image":{"@id":"https:\/\/csbk.org\/en\/use-paypal-for-secure-online-paymentsdonations\/#primaryimage"},"thumbnailUrl":"https:\/\/www.paypalobjects.com\/WEBSCR-640-20110401-1\/en_US\/i\/scr\/pixel.gif","datePublished":"2011-04-20T02:26:39+00:00","dateModified":"2026-02-16T01:49:52+00:00","breadcrumb":{"@id":"https:\/\/csbk.org\/en\/use-paypal-for-secure-online-paymentsdonations\/#breadcrumb"},"inLanguage":"en-US","potentialAction":[{"@type":"ReadAction","target":["https:\/\/csbk.org\/en\/use-paypal-for-secure-online-paymentsdonations\/"]}]},{"@type":"ImageObject","inLanguage":"en-US","@id":"https:\/\/csbk.org\/en\/use-paypal-for-secure-online-paymentsdonations\/#primaryimage","url":"https:\/\/www.paypalobjects.com\/WEBSCR-640-20110401-1\/en_US\/i\/scr\/pixel.gif","contentUrl":"https:\/\/www.paypalobjects.com\/WEBSCR-640-20110401-1\/en_US\/i\/scr\/pixel.gif"},{"@type":"BreadcrumbList","@id":"https:\/\/csbk.org\/en\/use-paypal-for-secure-online-paymentsdonations\/#breadcrumb","itemListElement":[{"@type":"ListItem","position":1,"name":"Home","item":"https:\/\/csbk.org\/en\/"},{"@type":"ListItem","position":2,"name":"Donate"}]},{"@type":"WebSite","@id":"https:\/\/csbk.org\/en\/#website","url":"https:\/\/csbk.org\/en\/","name":"Cserk\u00e9sz Bar\u00e1tok K\u00f6re","description":"American Hungarian Friends of Scouting","publisher":{"@id":"https:\/\/csbk.org\/en\/#organization"},"potentialAction":[{"@type":"SearchAction","target":{"@type":"EntryPoint","urlTemplate":"https:\/\/csbk.org\/en\/?s={search_term_string}"},"query-input":{"@type":"PropertyValueSpecification","valueRequired":true,"valueName":"search_term_string"}}],"inLanguage":"en-US"},{"@type":"Organization","@id":"https:\/\/csbk.org\/en\/#organization","name":"Cserk\u00e9sz Bar\u00e1tok K\u00f6re","url":"https:\/\/csbk.org\/en\/","logo":{"@type":"ImageObject","inLanguage":"en-US","@id":"https:\/\/csbk.org\/en\/#\/schema\/logo\/image\/","url":"https:\/\/csbk.org\/wp-content\/uploads\/2018\/12\/CSBK-WEB-Fejlec2.jpg","contentUrl":"https:\/\/csbk.org\/wp-content\/uploads\/2018\/12\/CSBK-WEB-Fejlec2.jpg","width":1200,"height":190,"caption":"Cserk\u00e9sz Bar\u00e1tok K\u00f6re"},"image":{"@id":"https:\/\/csbk.org\/en\/#\/schema\/logo\/image\/"},"sameAs":["https:\/\/www.facebook.com\/profile.php?id=100064848181786"]}]}},"jetpack_sharing_enabled":true,"jetpack_shortlink":"https:\/\/wp.me\/P7e135-h","_links":{"self":[{"href":"https:\/\/csbk.org\/en\/wp-json\/wp\/v2\/pages\/17","targetHints":{"allow":["GET"]}}],"collection":[{"href":"https:\/\/csbk.org\/en\/wp-json\/wp\/v2\/pages"}],"about":[{"href":"https:\/\/csbk.org\/en\/wp-json\/wp\/v2\/types\/page"}],"author":[{"embeddable":true,"href":"https:\/\/csbk.org\/en\/wp-json\/wp\/v2\/users\/3"}],"replies":[{"embeddable":true,"href":"https:\/\/csbk.org\/en\/wp-json\/wp\/v2\/comments?post=17"}],"version-history":[{"count":12,"href":"https:\/\/csbk.org\/en\/wp-json\/wp\/v2\/pages\/17\/revisions"}],"predecessor-version":[{"id":6838,"href":"https:\/\/csbk.org\/en\/wp-json\/wp\/v2\/pages\/17\/revisions\/6838"}],"wp:attachment":[{"href":"https:\/\/csbk.org\/en\/wp-json\/wp\/v2\/media?parent=17"}],"curies":[{"name":"wp","href":"https:\/\/api.w.org\/{rel}","templated":true}]}}