{"id":236,"date":"2011-07-31T17:06:11","date_gmt":"2011-07-31T21:06:11","guid":{"rendered":"http:\/\/www.csbk.org\/?page_id=236"},"modified":"2018-12-27T14:02:30","modified_gmt":"2018-12-27T19:02:30","slug":"troop-33","status":"publish","type":"page","link":"https:\/\/csbk.org\/en\/troop-33\/","title":{"rendered":"Troop 33"},"content":{"rendered":"<h2><span style=\"color: #008000;\">Erzs\u00e9bet Szil\u00e1gyi Troop 33<\/span><\/h2>\n<h2><a href=\"http:\/\/www.csbk.org\/wp-content\/uploads\/2011\/07\/33.lcscs_.2001-001.jpg\"><img decoding=\"async\" class=\"aligncenter wp-image-237 size-large\" title=\"33.lcscs.2001 001\" src=\"http:\/\/csbk.org\/wp-content\/uploads\/2011\/07\/33.lcscs_.2001-001-1024x394.jpg\" alt=\"\" width=\"1024\" height=\"394\" srcset=\"https:\/\/csbk.org\/wp-content\/uploads\/2011\/07\/33.lcscs_.2001-001-200x77.jpg 200w, https:\/\/csbk.org\/wp-content\/uploads\/2011\/07\/33.lcscs_.2001-001-300x115.jpg 300w, https:\/\/csbk.org\/wp-content\/uploads\/2011\/07\/33.lcscs_.2001-001-400x154.jpg 400w, https:\/\/csbk.org\/wp-content\/uploads\/2011\/07\/33.lcscs_.2001-001-600x231.jpg 600w, https:\/\/csbk.org\/wp-content\/uploads\/2011\/07\/33.lcscs_.2001-001-800x308.jpg 800w, https:\/\/csbk.org\/wp-content\/uploads\/2011\/07\/33.lcscs_.2001-001-1024x394.jpg 1024w, https:\/\/csbk.org\/wp-content\/uploads\/2011\/07\/33.lcscs_.2001-001-1200x461.jpg 1200w, https:\/\/csbk.org\/wp-content\/uploads\/2011\/07\/33.lcscs_.2001-001.jpg 1914w\" sizes=\"(max-width: 1024px) 100vw, 1024px\" \/><\/a><\/h2>\n<p>Valeria Ratoni-Nagy, troopleader<\/p>\n<p><span style=\"color: #0000ff;\">domeandvali@ameritech.net<\/span><\/p>\n<p>216\/651-4929<\/p>\n<p>&nbsp;<\/p>\n","protected":false},"excerpt":{"rendered":"<p>Erzs\u00e9bet Szil\u00e1gyi Troop 33 Valeria Ratoni-Nagy, troopleader domeandvali@ameritech.net 216\/651-4929 &nbsp;<\/p>\n","protected":false},"author":3,"featured_media":0,"parent":0,"menu_order":0,"comment_status":"open","ping_status":"closed","template":"","meta":{"jetpack_post_was_ever_published":false,"footnotes":""},"class_list":["post-236","page","type-page","status-publish","hentry"],"yoast_head":"<!-- This site is optimized with the Yoast SEO plugin v27.4 - https:\/\/yoast.com\/product\/yoast-seo-wordpress\/ -->\n<title>Troop 33 - Cserk\u00e9sz Bar\u00e1tok K\u00f6re<\/title>\n<meta name=\"robots\" content=\"index, follow, max-snippet:-1, max-image-preview:large, max-video-preview:-1\" \/>\n<link rel=\"canonical\" href=\"https:\/\/csbk.org\/en\/troop-33\/\" \/>\n<meta property=\"og:locale\" content=\"en_US\" \/>\n<meta property=\"og:type\" content=\"article\" \/>\n<meta property=\"og:title\" content=\"Troop 33 - Cserk\u00e9sz Bar\u00e1tok K\u00f6re\" \/>\n<meta property=\"og:description\" content=\"Erzs\u00e9bet Szil\u00e1gyi Troop 33 Valeria Ratoni-Nagy, troopleader domeandvali@ameritech.net 216\/651-4929 &nbsp;\" \/>\n<meta property=\"og:url\" content=\"https:\/\/csbk.org\/en\/troop-33\/\" \/>\n<meta property=\"og:site_name\" content=\"Cserk\u00e9sz Bar\u00e1tok K\u00f6re\" \/>\n<meta property=\"article:publisher\" content=\"https:\/\/www.facebook.com\/profile.php?id=100064848181786\" \/>\n<meta property=\"article:modified_time\" content=\"2018-12-27T19:02:30+00:00\" \/>\n<meta property=\"og:image\" content=\"http:\/\/csbk.org\/wp-content\/uploads\/2011\/07\/33.lcscs_.2001-001-1024x394.jpg\" \/>\n<meta name=\"twitter:card\" content=\"summary_large_image\" \/>\n<script type=\"application\/ld+json\" class=\"yoast-schema-graph\">{\"@context\":\"https:\\\/\\\/schema.org\",\"@graph\":[{\"@type\":\"WebPage\",\"@id\":\"https:\\\/\\\/csbk.org\\\/en\\\/troop-33\\\/\",\"url\":\"https:\\\/\\\/csbk.org\\\/en\\\/troop-33\\\/\",\"name\":\"Troop 33 - Cserk\u00e9sz Bar\u00e1tok K\u00f6re\",\"isPartOf\":{\"@id\":\"https:\\\/\\\/csbk.org\\\/en\\\/#website\"},\"primaryImageOfPage\":{\"@id\":\"https:\\\/\\\/csbk.org\\\/en\\\/troop-33\\\/#primaryimage\"},\"image\":{\"@id\":\"https:\\\/\\\/csbk.org\\\/en\\\/troop-33\\\/#primaryimage\"},\"thumbnailUrl\":\"http:\\\/\\\/csbk.org\\\/wp-content\\\/uploads\\\/2011\\\/07\\\/33.lcscs_.2001-001-1024x394.jpg\",\"datePublished\":\"2011-07-31T21:06:11+00:00\",\"dateModified\":\"2018-12-27T19:02:30+00:00\",\"breadcrumb\":{\"@id\":\"https:\\\/\\\/csbk.org\\\/en\\\/troop-33\\\/#breadcrumb\"},\"inLanguage\":\"en-US\",\"potentialAction\":[{\"@type\":\"ReadAction\",\"target\":[\"https:\\\/\\\/csbk.org\\\/en\\\/troop-33\\\/\"]}]},{\"@type\":\"ImageObject\",\"inLanguage\":\"en-US\",\"@id\":\"https:\\\/\\\/csbk.org\\\/en\\\/troop-33\\\/#primaryimage\",\"url\":\"http:\\\/\\\/csbk.org\\\/wp-content\\\/uploads\\\/2011\\\/07\\\/33.lcscs_.2001-001-1024x394.jpg\",\"contentUrl\":\"http:\\\/\\\/csbk.org\\\/wp-content\\\/uploads\\\/2011\\\/07\\\/33.lcscs_.2001-001-1024x394.jpg\"},{\"@type\":\"BreadcrumbList\",\"@id\":\"https:\\\/\\\/csbk.org\\\/en\\\/troop-33\\\/#breadcrumb\",\"itemListElement\":[{\"@type\":\"ListItem\",\"position\":1,\"name\":\"Home\",\"item\":\"https:\\\/\\\/csbk.org\\\/en\\\/\"},{\"@type\":\"ListItem\",\"position\":2,\"name\":\"Troop 33\"}]},{\"@type\":\"WebSite\",\"@id\":\"https:\\\/\\\/csbk.org\\\/en\\\/#website\",\"url\":\"https:\\\/\\\/csbk.org\\\/en\\\/\",\"name\":\"Cserk\u00e9sz Bar\u00e1tok K\u00f6re\",\"description\":\"American Hungarian Friends of Scouting\",\"publisher\":{\"@id\":\"https:\\\/\\\/csbk.org\\\/en\\\/#organization\"},\"potentialAction\":[{\"@type\":\"SearchAction\",\"target\":{\"@type\":\"EntryPoint\",\"urlTemplate\":\"https:\\\/\\\/csbk.org\\\/en\\\/?s={search_term_string}\"},\"query-input\":{\"@type\":\"PropertyValueSpecification\",\"valueRequired\":true,\"valueName\":\"search_term_string\"}}],\"inLanguage\":\"en-US\"},{\"@type\":\"Organization\",\"@id\":\"https:\\\/\\\/csbk.org\\\/en\\\/#organization\",\"name\":\"Cserk\u00e9sz Bar\u00e1tok K\u00f6re\",\"url\":\"https:\\\/\\\/csbk.org\\\/en\\\/\",\"logo\":{\"@type\":\"ImageObject\",\"inLanguage\":\"en-US\",\"@id\":\"https:\\\/\\\/csbk.org\\\/en\\\/#\\\/schema\\\/logo\\\/image\\\/\",\"url\":\"https:\\\/\\\/csbk.org\\\/wp-content\\\/uploads\\\/2018\\\/12\\\/CSBK-WEB-Fejlec2.jpg\",\"contentUrl\":\"https:\\\/\\\/csbk.org\\\/wp-content\\\/uploads\\\/2018\\\/12\\\/CSBK-WEB-Fejlec2.jpg\",\"width\":1200,\"height\":190,\"caption\":\"Cserk\u00e9sz Bar\u00e1tok K\u00f6re\"},\"image\":{\"@id\":\"https:\\\/\\\/csbk.org\\\/en\\\/#\\\/schema\\\/logo\\\/image\\\/\"},\"sameAs\":[\"https:\\\/\\\/www.facebook.com\\\/profile.php?id=100064848181786\"]}]}<\/script>\n<!-- \/ Yoast SEO plugin. -->","yoast_head_json":{"title":"Troop 33 - Cserk\u00e9sz Bar\u00e1tok K\u00f6re","robots":{"index":"index","follow":"follow","max-snippet":"max-snippet:-1","max-image-preview":"max-image-preview:large","max-video-preview":"max-video-preview:-1"},"canonical":"https:\/\/csbk.org\/en\/troop-33\/","og_locale":"en_US","og_type":"article","og_title":"Troop 33 - Cserk\u00e9sz Bar\u00e1tok K\u00f6re","og_description":"Erzs\u00e9bet Szil\u00e1gyi Troop 33 Valeria Ratoni-Nagy, troopleader domeandvali@ameritech.net 216\/651-4929 &nbsp;","og_url":"https:\/\/csbk.org\/en\/troop-33\/","og_site_name":"Cserk\u00e9sz Bar\u00e1tok K\u00f6re","article_publisher":"https:\/\/www.facebook.com\/profile.php?id=100064848181786","article_modified_time":"2018-12-27T19:02:30+00:00","og_image":[{"url":"http:\/\/csbk.org\/wp-content\/uploads\/2011\/07\/33.lcscs_.2001-001-1024x394.jpg","type":"","width":"","height":""}],"twitter_card":"summary_large_image","schema":{"@context":"https:\/\/schema.org","@graph":[{"@type":"WebPage","@id":"https:\/\/csbk.org\/en\/troop-33\/","url":"https:\/\/csbk.org\/en\/troop-33\/","name":"Troop 33 - Cserk\u00e9sz Bar\u00e1tok K\u00f6re","isPartOf":{"@id":"https:\/\/csbk.org\/en\/#website"},"primaryImageOfPage":{"@id":"https:\/\/csbk.org\/en\/troop-33\/#primaryimage"},"image":{"@id":"https:\/\/csbk.org\/en\/troop-33\/#primaryimage"},"thumbnailUrl":"http:\/\/csbk.org\/wp-content\/uploads\/2011\/07\/33.lcscs_.2001-001-1024x394.jpg","datePublished":"2011-07-31T21:06:11+00:00","dateModified":"2018-12-27T19:02:30+00:00","breadcrumb":{"@id":"https:\/\/csbk.org\/en\/troop-33\/#breadcrumb"},"inLanguage":"en-US","potentialAction":[{"@type":"ReadAction","target":["https:\/\/csbk.org\/en\/troop-33\/"]}]},{"@type":"ImageObject","inLanguage":"en-US","@id":"https:\/\/csbk.org\/en\/troop-33\/#primaryimage","url":"http:\/\/csbk.org\/wp-content\/uploads\/2011\/07\/33.lcscs_.2001-001-1024x394.jpg","contentUrl":"http:\/\/csbk.org\/wp-content\/uploads\/2011\/07\/33.lcscs_.2001-001-1024x394.jpg"},{"@type":"BreadcrumbList","@id":"https:\/\/csbk.org\/en\/troop-33\/#breadcrumb","itemListElement":[{"@type":"ListItem","position":1,"name":"Home","item":"https:\/\/csbk.org\/en\/"},{"@type":"ListItem","position":2,"name":"Troop 33"}]},{"@type":"WebSite","@id":"https:\/\/csbk.org\/en\/#website","url":"https:\/\/csbk.org\/en\/","name":"Cserk\u00e9sz Bar\u00e1tok K\u00f6re","description":"American Hungarian Friends of Scouting","publisher":{"@id":"https:\/\/csbk.org\/en\/#organization"},"potentialAction":[{"@type":"SearchAction","target":{"@type":"EntryPoint","urlTemplate":"https:\/\/csbk.org\/en\/?s={search_term_string}"},"query-input":{"@type":"PropertyValueSpecification","valueRequired":true,"valueName":"search_term_string"}}],"inLanguage":"en-US"},{"@type":"Organization","@id":"https:\/\/csbk.org\/en\/#organization","name":"Cserk\u00e9sz Bar\u00e1tok K\u00f6re","url":"https:\/\/csbk.org\/en\/","logo":{"@type":"ImageObject","inLanguage":"en-US","@id":"https:\/\/csbk.org\/en\/#\/schema\/logo\/image\/","url":"https:\/\/csbk.org\/wp-content\/uploads\/2018\/12\/CSBK-WEB-Fejlec2.jpg","contentUrl":"https:\/\/csbk.org\/wp-content\/uploads\/2018\/12\/CSBK-WEB-Fejlec2.jpg","width":1200,"height":190,"caption":"Cserk\u00e9sz Bar\u00e1tok K\u00f6re"},"image":{"@id":"https:\/\/csbk.org\/en\/#\/schema\/logo\/image\/"},"sameAs":["https:\/\/www.facebook.com\/profile.php?id=100064848181786"]}]}},"jetpack_sharing_enabled":true,"jetpack_shortlink":"https:\/\/wp.me\/P7e135-3O","_links":{"self":[{"href":"https:\/\/csbk.org\/en\/wp-json\/wp\/v2\/pages\/236","targetHints":{"allow":["GET"]}}],"collection":[{"href":"https:\/\/csbk.org\/en\/wp-json\/wp\/v2\/pages"}],"about":[{"href":"https:\/\/csbk.org\/en\/wp-json\/wp\/v2\/types\/page"}],"author":[{"embeddable":true,"href":"https:\/\/csbk.org\/en\/wp-json\/wp\/v2\/users\/3"}],"replies":[{"embeddable":true,"href":"https:\/\/csbk.org\/en\/wp-json\/wp\/v2\/comments?post=236"}],"version-history":[{"count":2,"href":"https:\/\/csbk.org\/en\/wp-json\/wp\/v2\/pages\/236\/revisions"}],"predecessor-version":[{"id":3491,"href":"https:\/\/csbk.org\/en\/wp-json\/wp\/v2\/pages\/236\/revisions\/3491"}],"wp:attachment":[{"href":"https:\/\/csbk.org\/en\/wp-json\/wp\/v2\/media?parent=236"}],"curies":[{"name":"wp","href":"https:\/\/api.w.org\/{rel}","templated":true}]}}