{"id":245,"date":"2011-07-31T17:58:58","date_gmt":"2011-07-31T21:58:58","guid":{"rendered":"http:\/\/www.csbk.org\/?page_id=245"},"modified":"2025-10-26T18:14:19","modified_gmt":"2025-10-26T22:14:19","slug":"history","status":"publish","type":"page","link":"https:\/\/csbk.org\/en\/history\/","title":{"rendered":"History"},"content":{"rendered":"<h2><span style=\"color: #008000;\">Histories\u00a0about\u00a0Hungarian scouting<\/span><\/h2>\n<h2><span style=\"color: #008000;\"><a href=\"http:\/\/www.csbk.org\/wp-content\/uploads\/2011\/07\/22Tigris-1951Cleveland-jo.jpg\"><img decoding=\"async\" class=\"size-full wp-image-648 aligncenter\" title=\"22Tigris-1951Cleveland-jo\" src=\"http:\/\/www.csbk.org\/wp-content\/uploads\/2011\/07\/22Tigris-1951Cleveland-jo.jpg\" alt=\"\" width=\"597\" height=\"484\" srcset=\"https:\/\/csbk.org\/wp-content\/uploads\/2011\/07\/22Tigris-1951Cleveland-jo-177x142.jpg 177w, https:\/\/csbk.org\/wp-content\/uploads\/2011\/07\/22Tigris-1951Cleveland-jo-200x162.jpg 200w, https:\/\/csbk.org\/wp-content\/uploads\/2011\/07\/22Tigris-1951Cleveland-jo-300x243.jpg 300w, https:\/\/csbk.org\/wp-content\/uploads\/2011\/07\/22Tigris-1951Cleveland-jo-400x324.jpg 400w, https:\/\/csbk.org\/wp-content\/uploads\/2011\/07\/22Tigris-1951Cleveland-jo.jpg 597w\" sizes=\"(max-width: 597px) 100vw, 597px\" \/><\/a><\/span><\/h2>\n<p>&nbsp;<\/p>\n<p><em><strong><span style=\"color: #008000;\">The first Hungarian scout patrol in North America, the Tiger Patrol in Cleveland, Ohio.<\/span><\/strong><\/em><\/p>\n<p>&nbsp;<\/p>\n<p><strong><span style=\"color: #0000ff;\"><a href=\"http:\/\/www.csbk.org\/wp-content\/uploads\/2011\/07\/Hungarian-Scout-History-flyer3.pdf\" target=\"_blank\" rel=\"noopener\"><span style=\"color: #0000ff;\">A brief history of Hungarian scouting worldwide and in Cleveland<\/span><\/a><\/span><\/strong><\/p>\n<p><span style=\"color: #0000ff;\"><strong><strong><a href=\"http:\/\/www.csbk.org\/wp-content\/uploads\/2012\/07\/Hungarian-Scouts-Cleveland-flyer-B.pdf\" target=\"_blank\" rel=\"noopener\"><span style=\"color: #0000ff;\">Hungarian Scouts of Cleveland, Ohio<\/span><\/a><\/strong><\/strong><\/span><\/p>\n<p><strong><span style=\"color: #0000ff;\"><a href=\"http:\/\/www.csbk.org\/wp-content\/uploads\/2011\/07\/A-magyar-cserk\u00e9szet-alakul\u00e1sa-Clevelandban1.pdf\" target=\"_blank\" rel=\"noopener\"><span style=\"color: #0000ff;\">A magyar cserk\u00e9szet alakul\u00e1sa Clevelandban<\/span><\/a><\/span><\/strong><\/p>\n<p><span style=\"color: #0000ff;\"><strong><a href=\"http:\/\/www.csbk.org\/wp-content\/uploads\/2012\/07\/regos-flyer.pdf\"><span style=\"color: #0000ff;\">Information about the Hungarian Scout Folk Ensemble<\/span><\/a><\/strong><\/span><\/p>\n<p><strong><span style=\"color: #0000ff;\"><a href=\"http:\/\/www.csbk.org\/wp-content\/uploads\/2011\/07\/60\u00e9vesaclevelandimagyarcserk\u00e9szet1.pdf\" target=\"_blank\" rel=\"noopener\"><span style=\"color: #0000ff;\">Clevelandi magyar cserk\u00e9sz eml\u00e9keim &#8211; Thurner Kl\u00e1ra<\/span><\/a><\/span><\/strong><\/p>\n<p><span style=\"color: #0000ff;\"><strong><span style=\"color: #0000ff;\"><a style=\"color: #0000ff;\" href=\"https:\/\/csbk.org\/wp-content\/uploads\/2025\/10\/Cspk.-listaja.pdf\">Cleveland scoutmasters, troopleaders and district commissioners<\/a><\/span><\/strong><\/span><\/p>\n<p><span style=\"color: #0000ff;\"><strong><span style=\"color: #0000ff;\"><a style=\"color: #0000ff;\" href=\"https:\/\/csbk.org\/wp-content\/uploads\/2024\/12\/Regos-CSBK-vezetok.doc-1.pdf\" target=\"_blank\" rel=\"noopener\">Cleveland folk ensemble leaders, AHFS presidents, Teleki award recipients<\/a><\/span><\/strong><\/span><\/p>\n<div id=\"attachment_645\" style=\"width: 505px\" class=\"wp-caption aligncenter\"><a href=\"http:\/\/www.csbk.org\/wp-content\/uploads\/2011\/07\/Tigris-Ors-zaszlo-001.jpg\"><img decoding=\"async\" aria-describedby=\"caption-attachment-645\" class=\" wp-image-645\" title=\"Tigris Ors zaszlo 001\" src=\"http:\/\/www.csbk.org\/wp-content\/uploads\/2011\/07\/Tigris-Ors-zaszlo-001-1024x768.jpg\" alt=\"\" width=\"495\" height=\"414\" \/><\/a><p id=\"caption-attachment-645\" class=\"wp-caption-text\">Az els\u0151 \u00e9szak amerikai magyar cserk\u00e9sz \u0151rsnek, a Tigris \u00d6rsnek, az \u0151rsi z\u00e1szl\u00f3ja.<\/p><\/div>\n<p>&nbsp;<\/p>\n<div id=\"attachment_646\" style=\"width: 506px\" class=\"wp-caption aligncenter\"><a href=\"http:\/\/www.csbk.org\/wp-content\/uploads\/2011\/07\/Tigris-Ors-zaszlo-002.jpg\"><img decoding=\"async\" aria-describedby=\"caption-attachment-646\" class=\" wp-image-646\" title=\"Tigris Ors zaszlo 002\" src=\"http:\/\/www.csbk.org\/wp-content\/uploads\/2011\/07\/Tigris-Ors-zaszlo-002-1024x768.jpg\" alt=\"\" width=\"496\" height=\"389\" \/><\/a><p id=\"caption-attachment-646\" class=\"wp-caption-text\">A 12. sz. II. R\u00e1k\u00f3czi Ferenc cscs., els\u0151 \u0151rs\u00e9nek, a Tigris \u0150rsnek, az \u0151rsi z\u00e1szl\u00f3ja, Cleveland, Ohio.<\/p><\/div>\n<p>&nbsp;<\/p>\n","protected":false},"excerpt":{"rendered":"<p>Histories\u00a0about\u00a0Hungarian scouting &nbsp; The first Hungarian scout patrol in North America, the Tiger Patrol in Cleveland, Ohio. &nbsp; A brief history of  [&#8230;]<\/p>\n","protected":false},"author":3,"featured_media":0,"parent":0,"menu_order":0,"comment_status":"open","ping_status":"closed","template":"","meta":{"jetpack_post_was_ever_published":false,"footnotes":""},"class_list":["post-245","page","type-page","status-publish","hentry"],"yoast_head":"<!-- This site is optimized with the Yoast SEO plugin v27.3 - https:\/\/yoast.com\/product\/yoast-seo-wordpress\/ -->\n<title>History - Cserk\u00e9sz Bar\u00e1tok K\u00f6re<\/title>\n<meta name=\"robots\" content=\"index, follow, max-snippet:-1, max-image-preview:large, max-video-preview:-1\" \/>\n<link rel=\"canonical\" href=\"https:\/\/csbk.org\/en\/history\/\" \/>\n<meta property=\"og:locale\" content=\"en_US\" \/>\n<meta property=\"og:type\" content=\"article\" \/>\n<meta property=\"og:title\" content=\"History - Cserk\u00e9sz Bar\u00e1tok K\u00f6re\" \/>\n<meta property=\"og:description\" content=\"Histories\u00a0about\u00a0Hungarian scouting &nbsp; The first Hungarian scout patrol in North America, the Tiger Patrol in Cleveland, Ohio. &nbsp; A brief history of [...]\" \/>\n<meta property=\"og:url\" content=\"https:\/\/csbk.org\/en\/history\/\" \/>\n<meta property=\"og:site_name\" content=\"Cserk\u00e9sz Bar\u00e1tok K\u00f6re\" \/>\n<meta property=\"article:publisher\" content=\"https:\/\/www.facebook.com\/profile.php?id=100064848181786\" \/>\n<meta property=\"article:modified_time\" content=\"2025-10-26T22:14:19+00:00\" \/>\n<meta property=\"og:image\" content=\"https:\/\/csbk.org\/wp-content\/uploads\/2011\/07\/22Tigris-1951Cleveland-jo.jpg\" \/>\n\t<meta property=\"og:image:width\" content=\"597\" \/>\n\t<meta property=\"og:image:height\" content=\"484\" \/>\n\t<meta property=\"og:image:type\" content=\"image\/jpeg\" \/>\n<meta name=\"twitter:card\" content=\"summary_large_image\" \/>\n<meta name=\"twitter:label1\" content=\"Est. reading time\" \/>\n\t<meta name=\"twitter:data1\" content=\"2 minutes\" \/>\n<script type=\"application\/ld+json\" class=\"yoast-schema-graph\">{\"@context\":\"https:\\\/\\\/schema.org\",\"@graph\":[{\"@type\":\"WebPage\",\"@id\":\"https:\\\/\\\/csbk.org\\\/en\\\/history\\\/\",\"url\":\"https:\\\/\\\/csbk.org\\\/en\\\/history\\\/\",\"name\":\"History - Cserk\u00e9sz Bar\u00e1tok K\u00f6re\",\"isPartOf\":{\"@id\":\"https:\\\/\\\/csbk.org\\\/en\\\/#website\"},\"primaryImageOfPage\":{\"@id\":\"https:\\\/\\\/csbk.org\\\/en\\\/history\\\/#primaryimage\"},\"image\":{\"@id\":\"https:\\\/\\\/csbk.org\\\/en\\\/history\\\/#primaryimage\"},\"thumbnailUrl\":\"http:\\\/\\\/www.csbk.org\\\/wp-content\\\/uploads\\\/2011\\\/07\\\/22Tigris-1951Cleveland-jo.jpg\",\"datePublished\":\"2011-07-31T21:58:58+00:00\",\"dateModified\":\"2025-10-26T22:14:19+00:00\",\"breadcrumb\":{\"@id\":\"https:\\\/\\\/csbk.org\\\/en\\\/history\\\/#breadcrumb\"},\"inLanguage\":\"en-US\",\"potentialAction\":[{\"@type\":\"ReadAction\",\"target\":[\"https:\\\/\\\/csbk.org\\\/en\\\/history\\\/\"]}]},{\"@type\":\"ImageObject\",\"inLanguage\":\"en-US\",\"@id\":\"https:\\\/\\\/csbk.org\\\/en\\\/history\\\/#primaryimage\",\"url\":\"http:\\\/\\\/www.csbk.org\\\/wp-content\\\/uploads\\\/2011\\\/07\\\/22Tigris-1951Cleveland-jo.jpg\",\"contentUrl\":\"http:\\\/\\\/www.csbk.org\\\/wp-content\\\/uploads\\\/2011\\\/07\\\/22Tigris-1951Cleveland-jo.jpg\"},{\"@type\":\"BreadcrumbList\",\"@id\":\"https:\\\/\\\/csbk.org\\\/en\\\/history\\\/#breadcrumb\",\"itemListElement\":[{\"@type\":\"ListItem\",\"position\":1,\"name\":\"Home\",\"item\":\"https:\\\/\\\/csbk.org\\\/en\\\/\"},{\"@type\":\"ListItem\",\"position\":2,\"name\":\"History\"}]},{\"@type\":\"WebSite\",\"@id\":\"https:\\\/\\\/csbk.org\\\/en\\\/#website\",\"url\":\"https:\\\/\\\/csbk.org\\\/en\\\/\",\"name\":\"Cserk\u00e9sz Bar\u00e1tok K\u00f6re\",\"description\":\"American Hungarian Friends of Scouting\",\"publisher\":{\"@id\":\"https:\\\/\\\/csbk.org\\\/en\\\/#organization\"},\"potentialAction\":[{\"@type\":\"SearchAction\",\"target\":{\"@type\":\"EntryPoint\",\"urlTemplate\":\"https:\\\/\\\/csbk.org\\\/en\\\/?s={search_term_string}\"},\"query-input\":{\"@type\":\"PropertyValueSpecification\",\"valueRequired\":true,\"valueName\":\"search_term_string\"}}],\"inLanguage\":\"en-US\"},{\"@type\":\"Organization\",\"@id\":\"https:\\\/\\\/csbk.org\\\/en\\\/#organization\",\"name\":\"Cserk\u00e9sz Bar\u00e1tok K\u00f6re\",\"url\":\"https:\\\/\\\/csbk.org\\\/en\\\/\",\"logo\":{\"@type\":\"ImageObject\",\"inLanguage\":\"en-US\",\"@id\":\"https:\\\/\\\/csbk.org\\\/en\\\/#\\\/schema\\\/logo\\\/image\\\/\",\"url\":\"https:\\\/\\\/csbk.org\\\/wp-content\\\/uploads\\\/2018\\\/12\\\/CSBK-WEB-Fejlec2.jpg\",\"contentUrl\":\"https:\\\/\\\/csbk.org\\\/wp-content\\\/uploads\\\/2018\\\/12\\\/CSBK-WEB-Fejlec2.jpg\",\"width\":1200,\"height\":190,\"caption\":\"Cserk\u00e9sz Bar\u00e1tok K\u00f6re\"},\"image\":{\"@id\":\"https:\\\/\\\/csbk.org\\\/en\\\/#\\\/schema\\\/logo\\\/image\\\/\"},\"sameAs\":[\"https:\\\/\\\/www.facebook.com\\\/profile.php?id=100064848181786\"]}]}<\/script>\n<!-- \/ Yoast SEO plugin. -->","yoast_head_json":{"title":"History - Cserk\u00e9sz Bar\u00e1tok K\u00f6re","robots":{"index":"index","follow":"follow","max-snippet":"max-snippet:-1","max-image-preview":"max-image-preview:large","max-video-preview":"max-video-preview:-1"},"canonical":"https:\/\/csbk.org\/en\/history\/","og_locale":"en_US","og_type":"article","og_title":"History - Cserk\u00e9sz Bar\u00e1tok K\u00f6re","og_description":"Histories\u00a0about\u00a0Hungarian scouting &nbsp; The first Hungarian scout patrol in North America, the Tiger Patrol in Cleveland, Ohio. &nbsp; A brief history of [...]","og_url":"https:\/\/csbk.org\/en\/history\/","og_site_name":"Cserk\u00e9sz Bar\u00e1tok K\u00f6re","article_publisher":"https:\/\/www.facebook.com\/profile.php?id=100064848181786","article_modified_time":"2025-10-26T22:14:19+00:00","og_image":[{"width":597,"height":484,"url":"https:\/\/csbk.org\/wp-content\/uploads\/2011\/07\/22Tigris-1951Cleveland-jo.jpg","type":"image\/jpeg"}],"twitter_card":"summary_large_image","twitter_misc":{"Est. reading time":"2 minutes"},"schema":{"@context":"https:\/\/schema.org","@graph":[{"@type":"WebPage","@id":"https:\/\/csbk.org\/en\/history\/","url":"https:\/\/csbk.org\/en\/history\/","name":"History - Cserk\u00e9sz Bar\u00e1tok K\u00f6re","isPartOf":{"@id":"https:\/\/csbk.org\/en\/#website"},"primaryImageOfPage":{"@id":"https:\/\/csbk.org\/en\/history\/#primaryimage"},"image":{"@id":"https:\/\/csbk.org\/en\/history\/#primaryimage"},"thumbnailUrl":"http:\/\/www.csbk.org\/wp-content\/uploads\/2011\/07\/22Tigris-1951Cleveland-jo.jpg","datePublished":"2011-07-31T21:58:58+00:00","dateModified":"2025-10-26T22:14:19+00:00","breadcrumb":{"@id":"https:\/\/csbk.org\/en\/history\/#breadcrumb"},"inLanguage":"en-US","potentialAction":[{"@type":"ReadAction","target":["https:\/\/csbk.org\/en\/history\/"]}]},{"@type":"ImageObject","inLanguage":"en-US","@id":"https:\/\/csbk.org\/en\/history\/#primaryimage","url":"http:\/\/www.csbk.org\/wp-content\/uploads\/2011\/07\/22Tigris-1951Cleveland-jo.jpg","contentUrl":"http:\/\/www.csbk.org\/wp-content\/uploads\/2011\/07\/22Tigris-1951Cleveland-jo.jpg"},{"@type":"BreadcrumbList","@id":"https:\/\/csbk.org\/en\/history\/#breadcrumb","itemListElement":[{"@type":"ListItem","position":1,"name":"Home","item":"https:\/\/csbk.org\/en\/"},{"@type":"ListItem","position":2,"name":"History"}]},{"@type":"WebSite","@id":"https:\/\/csbk.org\/en\/#website","url":"https:\/\/csbk.org\/en\/","name":"Cserk\u00e9sz Bar\u00e1tok K\u00f6re","description":"American Hungarian Friends of Scouting","publisher":{"@id":"https:\/\/csbk.org\/en\/#organization"},"potentialAction":[{"@type":"SearchAction","target":{"@type":"EntryPoint","urlTemplate":"https:\/\/csbk.org\/en\/?s={search_term_string}"},"query-input":{"@type":"PropertyValueSpecification","valueRequired":true,"valueName":"search_term_string"}}],"inLanguage":"en-US"},{"@type":"Organization","@id":"https:\/\/csbk.org\/en\/#organization","name":"Cserk\u00e9sz Bar\u00e1tok K\u00f6re","url":"https:\/\/csbk.org\/en\/","logo":{"@type":"ImageObject","inLanguage":"en-US","@id":"https:\/\/csbk.org\/en\/#\/schema\/logo\/image\/","url":"https:\/\/csbk.org\/wp-content\/uploads\/2018\/12\/CSBK-WEB-Fejlec2.jpg","contentUrl":"https:\/\/csbk.org\/wp-content\/uploads\/2018\/12\/CSBK-WEB-Fejlec2.jpg","width":1200,"height":190,"caption":"Cserk\u00e9sz Bar\u00e1tok K\u00f6re"},"image":{"@id":"https:\/\/csbk.org\/en\/#\/schema\/logo\/image\/"},"sameAs":["https:\/\/www.facebook.com\/profile.php?id=100064848181786"]}]}},"jetpack_sharing_enabled":true,"jetpack_shortlink":"https:\/\/wp.me\/P7e135-3X","_links":{"self":[{"href":"https:\/\/csbk.org\/en\/wp-json\/wp\/v2\/pages\/245","targetHints":{"allow":["GET"]}}],"collection":[{"href":"https:\/\/csbk.org\/en\/wp-json\/wp\/v2\/pages"}],"about":[{"href":"https:\/\/csbk.org\/en\/wp-json\/wp\/v2\/types\/page"}],"author":[{"embeddable":true,"href":"https:\/\/csbk.org\/en\/wp-json\/wp\/v2\/users\/3"}],"replies":[{"embeddable":true,"href":"https:\/\/csbk.org\/en\/wp-json\/wp\/v2\/comments?post=245"}],"version-history":[{"count":10,"href":"https:\/\/csbk.org\/en\/wp-json\/wp\/v2\/pages\/245\/revisions"}],"predecessor-version":[{"id":6661,"href":"https:\/\/csbk.org\/en\/wp-json\/wp\/v2\/pages\/245\/revisions\/6661"}],"wp:attachment":[{"href":"https:\/\/csbk.org\/en\/wp-json\/wp\/v2\/media?parent=245"}],"curies":[{"name":"wp","href":"https:\/\/api.w.org\/{rel}","templated":true}]}}