{"id":287,"date":"2011-11-27T22:04:46","date_gmt":"2011-11-28T03:04:46","guid":{"rendered":"http:\/\/www.csbk.org\/?page_id=287"},"modified":"2025-10-26T18:19:31","modified_gmt":"2025-10-26T22:19:31","slug":"csodaszarvas-award","status":"publish","type":"page","link":"https:\/\/csbk.org\/en\/csodaszarvas-award\/","title":{"rendered":"White Stag Award"},"content":{"rendered":"<h3><a href=\"http:\/\/www.csbk.org\/wp-content\/uploads\/2011\/11\/Csodaszarvas-Dij-logo.jpg\"><span style=\"color: #008000;\"><img decoding=\"async\" class=\"alignleft wp-image-288 size-medium\" title=\"Csodaszarvas Dij logo\" src=\"http:\/\/csbk.org\/wp-content\/uploads\/2011\/11\/Csodaszarvas-Dij-logo-300x297.jpg\" alt=\"\" width=\"300\" height=\"297\" srcset=\"https:\/\/csbk.org\/wp-content\/uploads\/2011\/11\/Csodaszarvas-Dij-logo-66x66.jpg 66w, https:\/\/csbk.org\/wp-content\/uploads\/2011\/11\/Csodaszarvas-Dij-logo-150x150.jpg 150w, https:\/\/csbk.org\/wp-content\/uploads\/2011\/11\/Csodaszarvas-Dij-logo-200x198.jpg 200w, https:\/\/csbk.org\/wp-content\/uploads\/2011\/11\/Csodaszarvas-Dij-logo-300x297.jpg 300w, https:\/\/csbk.org\/wp-content\/uploads\/2011\/11\/Csodaszarvas-Dij-logo-400x396.jpg 400w, https:\/\/csbk.org\/wp-content\/uploads\/2011\/11\/Csodaszarvas-Dij-logo-600x594.jpg 600w, https:\/\/csbk.org\/wp-content\/uploads\/2011\/11\/Csodaszarvas-Dij-logo-800x792.jpg 800w, https:\/\/csbk.org\/wp-content\/uploads\/2011\/11\/Csodaszarvas-Dij-logo-1024x1014.jpg 1024w, https:\/\/csbk.org\/wp-content\/uploads\/2011\/11\/Csodaszarvas-Dij-logo-1200x1188.jpg 1200w, https:\/\/csbk.org\/wp-content\/uploads\/2011\/11\/Csodaszarvas-Dij-logo.jpg 1877w\" sizes=\"(max-width: 300px) 100vw, 300px\" \/><\/span><\/a><strong><span style=\"color: #008000;\">Nominations for the White Stag Award are due by the end of each year <\/span><span style=\"color: #008000;\">&#8211; Dec. 31 at midnight.<\/span><\/strong><\/h3>\n<h4><\/h4>\n<p>&nbsp;<\/p>\n<p><span style=\"color: #0000ff;\"><strong><a href=\"https:\/\/csbk.org\/wp-content\/uploads\/2025\/02\/Csoda-dijasok-listaja-1.pdf\"><span style=\"color: #0000ff;\"><a href=\"https:\/\/csbk.org\/wp-content\/uploads\/2025\/10\/Csoda-dijasok-listaja.pdf\"><span style=\"color: #0000ff;\">List of White Stag Award recipients<\/span><\/a><\/span><\/a><\/strong><\/span><\/p>\n<p><strong><span style=\"color: #0000ff;\"><a style=\"color: #0000ff;\" href=\"http:\/\/csbk.org\/wp-content\/uploads\/2011\/11\/Csoda-Dij-Emlekul-listaja.pdf\" target=\"_blank\" rel=\"noopener noreferrer\">List of White Stag Award &#8220;In Memoriam&#8221; recipients<\/a><\/span><\/strong><\/p>\n<p><strong><span style=\"color: #0000ff;\"><a style=\"color: #0000ff;\" href=\"https:\/\/csbk.org\/csodaszarvas-dij-jelolo-iv\/\" target=\"_blank\" rel=\"noopener noreferrer\">White Stag Award nomination form &#8211; online<\/a><\/span><\/strong><\/p>\n<p><strong><span style=\"color: #0000ff;\"><a style=\"color: #0000ff;\" href=\"http:\/\/csbk.org\/wp-content\/uploads\/2011\/11\/CsodaszarvasDij-jelololap.pdf\" target=\"_blank\" rel=\"noopener noreferrer\">White Stag Award nomination form &#8211; by mail<\/a><\/span><\/strong><\/p>\n<p>&nbsp;<\/p>\n<p>&nbsp;<\/p>\n<h4><\/h4>\n","protected":false},"excerpt":{"rendered":"<p>Nominations for the White Stag Award are due by the end of each year &#8211; Dec. 31 at midnight. &nbsp; List of  [&#8230;]<\/p>\n","protected":false},"author":3,"featured_media":0,"parent":0,"menu_order":0,"comment_status":"open","ping_status":"closed","template":"","meta":{"jetpack_post_was_ever_published":false,"footnotes":""},"class_list":["post-287","page","type-page","status-publish","hentry"],"yoast_head":"<!-- This site is optimized with the Yoast SEO plugin v27.4 - https:\/\/yoast.com\/product\/yoast-seo-wordpress\/ -->\n<title>White Stag Award - Cserk\u00e9sz Bar\u00e1tok K\u00f6re<\/title>\n<meta name=\"robots\" content=\"index, follow, max-snippet:-1, max-image-preview:large, max-video-preview:-1\" \/>\n<link rel=\"canonical\" href=\"https:\/\/csbk.org\/en\/csodaszarvas-award\/\" \/>\n<meta property=\"og:locale\" content=\"en_US\" \/>\n<meta property=\"og:type\" content=\"article\" \/>\n<meta property=\"og:title\" content=\"White Stag Award - Cserk\u00e9sz Bar\u00e1tok K\u00f6re\" \/>\n<meta property=\"og:description\" content=\"Nominations for the White Stag Award are due by the end of each year &#8211; Dec. 31 at midnight. &nbsp; List of [...]\" \/>\n<meta property=\"og:url\" content=\"https:\/\/csbk.org\/en\/csodaszarvas-award\/\" \/>\n<meta property=\"og:site_name\" content=\"Cserk\u00e9sz Bar\u00e1tok K\u00f6re\" \/>\n<meta property=\"article:publisher\" content=\"https:\/\/www.facebook.com\/profile.php?id=100064848181786\" \/>\n<meta property=\"article:modified_time\" content=\"2025-10-26T22:19:31+00:00\" \/>\n<meta property=\"og:image\" content=\"https:\/\/csbk.org\/wp-content\/uploads\/2011\/11\/Csodaszarvas-Dij-logo.jpg\" \/>\n\t<meta property=\"og:image:width\" content=\"1877\" \/>\n\t<meta property=\"og:image:height\" content=\"1858\" \/>\n\t<meta property=\"og:image:type\" content=\"image\/jpeg\" \/>\n<meta name=\"twitter:card\" content=\"summary_large_image\" \/>\n<meta name=\"twitter:label1\" content=\"Est. reading time\" \/>\n\t<meta name=\"twitter:data1\" content=\"1 minute\" \/>\n<script type=\"application\/ld+json\" class=\"yoast-schema-graph\">{\"@context\":\"https:\\\/\\\/schema.org\",\"@graph\":[{\"@type\":\"WebPage\",\"@id\":\"https:\\\/\\\/csbk.org\\\/en\\\/csodaszarvas-award\\\/\",\"url\":\"https:\\\/\\\/csbk.org\\\/en\\\/csodaszarvas-award\\\/\",\"name\":\"White Stag Award - Cserk\u00e9sz Bar\u00e1tok K\u00f6re\",\"isPartOf\":{\"@id\":\"https:\\\/\\\/csbk.org\\\/en\\\/#website\"},\"primaryImageOfPage\":{\"@id\":\"https:\\\/\\\/csbk.org\\\/en\\\/csodaszarvas-award\\\/#primaryimage\"},\"image\":{\"@id\":\"https:\\\/\\\/csbk.org\\\/en\\\/csodaszarvas-award\\\/#primaryimage\"},\"thumbnailUrl\":\"http:\\\/\\\/csbk.org\\\/wp-content\\\/uploads\\\/2011\\\/11\\\/Csodaszarvas-Dij-logo-300x297.jpg\",\"datePublished\":\"2011-11-28T03:04:46+00:00\",\"dateModified\":\"2025-10-26T22:19:31+00:00\",\"breadcrumb\":{\"@id\":\"https:\\\/\\\/csbk.org\\\/en\\\/csodaszarvas-award\\\/#breadcrumb\"},\"inLanguage\":\"en-US\",\"potentialAction\":[{\"@type\":\"ReadAction\",\"target\":[\"https:\\\/\\\/csbk.org\\\/en\\\/csodaszarvas-award\\\/\"]}]},{\"@type\":\"ImageObject\",\"inLanguage\":\"en-US\",\"@id\":\"https:\\\/\\\/csbk.org\\\/en\\\/csodaszarvas-award\\\/#primaryimage\",\"url\":\"http:\\\/\\\/csbk.org\\\/wp-content\\\/uploads\\\/2011\\\/11\\\/Csodaszarvas-Dij-logo-300x297.jpg\",\"contentUrl\":\"http:\\\/\\\/csbk.org\\\/wp-content\\\/uploads\\\/2011\\\/11\\\/Csodaszarvas-Dij-logo-300x297.jpg\"},{\"@type\":\"BreadcrumbList\",\"@id\":\"https:\\\/\\\/csbk.org\\\/en\\\/csodaszarvas-award\\\/#breadcrumb\",\"itemListElement\":[{\"@type\":\"ListItem\",\"position\":1,\"name\":\"Home\",\"item\":\"https:\\\/\\\/csbk.org\\\/en\\\/\"},{\"@type\":\"ListItem\",\"position\":2,\"name\":\"White Stag Award\"}]},{\"@type\":\"WebSite\",\"@id\":\"https:\\\/\\\/csbk.org\\\/en\\\/#website\",\"url\":\"https:\\\/\\\/csbk.org\\\/en\\\/\",\"name\":\"Cserk\u00e9sz Bar\u00e1tok K\u00f6re\",\"description\":\"American Hungarian Friends of Scouting\",\"publisher\":{\"@id\":\"https:\\\/\\\/csbk.org\\\/en\\\/#organization\"},\"potentialAction\":[{\"@type\":\"SearchAction\",\"target\":{\"@type\":\"EntryPoint\",\"urlTemplate\":\"https:\\\/\\\/csbk.org\\\/en\\\/?s={search_term_string}\"},\"query-input\":{\"@type\":\"PropertyValueSpecification\",\"valueRequired\":true,\"valueName\":\"search_term_string\"}}],\"inLanguage\":\"en-US\"},{\"@type\":\"Organization\",\"@id\":\"https:\\\/\\\/csbk.org\\\/en\\\/#organization\",\"name\":\"Cserk\u00e9sz Bar\u00e1tok K\u00f6re\",\"url\":\"https:\\\/\\\/csbk.org\\\/en\\\/\",\"logo\":{\"@type\":\"ImageObject\",\"inLanguage\":\"en-US\",\"@id\":\"https:\\\/\\\/csbk.org\\\/en\\\/#\\\/schema\\\/logo\\\/image\\\/\",\"url\":\"https:\\\/\\\/csbk.org\\\/wp-content\\\/uploads\\\/2018\\\/12\\\/CSBK-WEB-Fejlec2.jpg\",\"contentUrl\":\"https:\\\/\\\/csbk.org\\\/wp-content\\\/uploads\\\/2018\\\/12\\\/CSBK-WEB-Fejlec2.jpg\",\"width\":1200,\"height\":190,\"caption\":\"Cserk\u00e9sz Bar\u00e1tok K\u00f6re\"},\"image\":{\"@id\":\"https:\\\/\\\/csbk.org\\\/en\\\/#\\\/schema\\\/logo\\\/image\\\/\"},\"sameAs\":[\"https:\\\/\\\/www.facebook.com\\\/profile.php?id=100064848181786\"]}]}<\/script>\n<!-- \/ Yoast SEO plugin. -->","yoast_head_json":{"title":"White Stag Award - Cserk\u00e9sz Bar\u00e1tok K\u00f6re","robots":{"index":"index","follow":"follow","max-snippet":"max-snippet:-1","max-image-preview":"max-image-preview:large","max-video-preview":"max-video-preview:-1"},"canonical":"https:\/\/csbk.org\/en\/csodaszarvas-award\/","og_locale":"en_US","og_type":"article","og_title":"White Stag Award - Cserk\u00e9sz Bar\u00e1tok K\u00f6re","og_description":"Nominations for the White Stag Award are due by the end of each year &#8211; Dec. 31 at midnight. &nbsp; List of [...]","og_url":"https:\/\/csbk.org\/en\/csodaszarvas-award\/","og_site_name":"Cserk\u00e9sz Bar\u00e1tok K\u00f6re","article_publisher":"https:\/\/www.facebook.com\/profile.php?id=100064848181786","article_modified_time":"2025-10-26T22:19:31+00:00","og_image":[{"width":1877,"height":1858,"url":"https:\/\/csbk.org\/wp-content\/uploads\/2011\/11\/Csodaszarvas-Dij-logo.jpg","type":"image\/jpeg"}],"twitter_card":"summary_large_image","twitter_misc":{"Est. reading time":"1 minute"},"schema":{"@context":"https:\/\/schema.org","@graph":[{"@type":"WebPage","@id":"https:\/\/csbk.org\/en\/csodaszarvas-award\/","url":"https:\/\/csbk.org\/en\/csodaszarvas-award\/","name":"White Stag Award - Cserk\u00e9sz Bar\u00e1tok K\u00f6re","isPartOf":{"@id":"https:\/\/csbk.org\/en\/#website"},"primaryImageOfPage":{"@id":"https:\/\/csbk.org\/en\/csodaszarvas-award\/#primaryimage"},"image":{"@id":"https:\/\/csbk.org\/en\/csodaszarvas-award\/#primaryimage"},"thumbnailUrl":"http:\/\/csbk.org\/wp-content\/uploads\/2011\/11\/Csodaszarvas-Dij-logo-300x297.jpg","datePublished":"2011-11-28T03:04:46+00:00","dateModified":"2025-10-26T22:19:31+00:00","breadcrumb":{"@id":"https:\/\/csbk.org\/en\/csodaszarvas-award\/#breadcrumb"},"inLanguage":"en-US","potentialAction":[{"@type":"ReadAction","target":["https:\/\/csbk.org\/en\/csodaszarvas-award\/"]}]},{"@type":"ImageObject","inLanguage":"en-US","@id":"https:\/\/csbk.org\/en\/csodaszarvas-award\/#primaryimage","url":"http:\/\/csbk.org\/wp-content\/uploads\/2011\/11\/Csodaszarvas-Dij-logo-300x297.jpg","contentUrl":"http:\/\/csbk.org\/wp-content\/uploads\/2011\/11\/Csodaszarvas-Dij-logo-300x297.jpg"},{"@type":"BreadcrumbList","@id":"https:\/\/csbk.org\/en\/csodaszarvas-award\/#breadcrumb","itemListElement":[{"@type":"ListItem","position":1,"name":"Home","item":"https:\/\/csbk.org\/en\/"},{"@type":"ListItem","position":2,"name":"White Stag Award"}]},{"@type":"WebSite","@id":"https:\/\/csbk.org\/en\/#website","url":"https:\/\/csbk.org\/en\/","name":"Cserk\u00e9sz Bar\u00e1tok K\u00f6re","description":"American Hungarian Friends of Scouting","publisher":{"@id":"https:\/\/csbk.org\/en\/#organization"},"potentialAction":[{"@type":"SearchAction","target":{"@type":"EntryPoint","urlTemplate":"https:\/\/csbk.org\/en\/?s={search_term_string}"},"query-input":{"@type":"PropertyValueSpecification","valueRequired":true,"valueName":"search_term_string"}}],"inLanguage":"en-US"},{"@type":"Organization","@id":"https:\/\/csbk.org\/en\/#organization","name":"Cserk\u00e9sz Bar\u00e1tok K\u00f6re","url":"https:\/\/csbk.org\/en\/","logo":{"@type":"ImageObject","inLanguage":"en-US","@id":"https:\/\/csbk.org\/en\/#\/schema\/logo\/image\/","url":"https:\/\/csbk.org\/wp-content\/uploads\/2018\/12\/CSBK-WEB-Fejlec2.jpg","contentUrl":"https:\/\/csbk.org\/wp-content\/uploads\/2018\/12\/CSBK-WEB-Fejlec2.jpg","width":1200,"height":190,"caption":"Cserk\u00e9sz Bar\u00e1tok K\u00f6re"},"image":{"@id":"https:\/\/csbk.org\/en\/#\/schema\/logo\/image\/"},"sameAs":["https:\/\/www.facebook.com\/profile.php?id=100064848181786"]}]}},"jetpack_sharing_enabled":true,"jetpack_shortlink":"https:\/\/wp.me\/P7e135-4D","_links":{"self":[{"href":"https:\/\/csbk.org\/en\/wp-json\/wp\/v2\/pages\/287","targetHints":{"allow":["GET"]}}],"collection":[{"href":"https:\/\/csbk.org\/en\/wp-json\/wp\/v2\/pages"}],"about":[{"href":"https:\/\/csbk.org\/en\/wp-json\/wp\/v2\/types\/page"}],"author":[{"embeddable":true,"href":"https:\/\/csbk.org\/en\/wp-json\/wp\/v2\/users\/3"}],"replies":[{"embeddable":true,"href":"https:\/\/csbk.org\/en\/wp-json\/wp\/v2\/comments?post=287"}],"version-history":[{"count":16,"href":"https:\/\/csbk.org\/en\/wp-json\/wp\/v2\/pages\/287\/revisions"}],"predecessor-version":[{"id":6666,"href":"https:\/\/csbk.org\/en\/wp-json\/wp\/v2\/pages\/287\/revisions\/6666"}],"wp:attachment":[{"href":"https:\/\/csbk.org\/en\/wp-json\/wp\/v2\/media?parent=287"}],"curies":[{"name":"wp","href":"https:\/\/api.w.org\/{rel}","templated":true}]}}