{"id":351,"date":"2012-01-30T22:18:19","date_gmt":"2012-01-31T03:18:19","guid":{"rendered":"http:\/\/www.csbk.org\/?page_id=351"},"modified":"2026-02-27T20:30:08","modified_gmt":"2026-02-28T01:30:08","slug":"scout-banquet","status":"publish","type":"page","link":"https:\/\/csbk.org\/en\/scout-banquet\/","title":{"rendered":"Scout Banquet"},"content":{"rendered":"<h2 class=\"fusion-responsive-typography-calculated\" dir=\"auto\" style=\"text-align: center;\" data-fontsize=\"15\" data-lineheight=\"22.5px\"><strong><a href=\"https:\/\/csbk.org\/75-evet-unnepeltunk-a-cserkeszebeden\/\" target=\"_blank\" rel=\"noopener\"><span style=\"color: #0000ff;\">Click here for an article and pictures of the 2026 Hungarian Scout Banquet.<\/span><\/a><\/strong><a href=\"https:\/\/csbk.org\/wp-content\/uploads\/2026\/01\/ebed-meghivo-2026-belul-scaled.jpg\"><img decoding=\"async\" data-attachment-id=\"6771\" data-permalink=\"https:\/\/csbk.org\/en\/everyone-is-welcome-to-the-hungarian-scout-banquet\/ebed-meghivo-2026-belul-2\/\" data-orig-file=\"https:\/\/csbk.org\/wp-content\/uploads\/2026\/01\/ebed-meghivo-2026-belul-scaled.jpg\" data-orig-size=\"1978,2560\" data-comments-opened=\"0\" data-image-meta=\"{&quot;aperture&quot;:&quot;0&quot;,&quot;credit&quot;:&quot;&quot;,&quot;camera&quot;:&quot;&quot;,&quot;caption&quot;:&quot;&quot;,&quot;created_timestamp&quot;:&quot;0&quot;,&quot;copyright&quot;:&quot;&quot;,&quot;focal_length&quot;:&quot;0&quot;,&quot;iso&quot;:&quot;0&quot;,&quot;shutter_speed&quot;:&quot;0&quot;,&quot;title&quot;:&quot;&quot;,&quot;orientation&quot;:&quot;0&quot;}\" data-image-title=\"ebed meghivo 2026 bel\u00fcl\" data-image-description=\"\" data-image-caption=\"\" data-large-file=\"https:\/\/csbk.org\/wp-content\/uploads\/2026\/01\/ebed-meghivo-2026-belul-791x1024.jpg\" class=\"aligncenter size-full wp-image-6771\" src=\"https:\/\/csbk.org\/wp-content\/uploads\/2026\/01\/ebed-meghivo-2026-belul-scaled.jpg\" alt=\"\" width=\"1978\" height=\"2560\" srcset=\"https:\/\/csbk.org\/wp-content\/uploads\/2026\/01\/ebed-meghivo-2026-belul-200x259.jpg 200w, https:\/\/csbk.org\/wp-content\/uploads\/2026\/01\/ebed-meghivo-2026-belul-232x300.jpg 232w, https:\/\/csbk.org\/wp-content\/uploads\/2026\/01\/ebed-meghivo-2026-belul-400x518.jpg 400w, https:\/\/csbk.org\/wp-content\/uploads\/2026\/01\/ebed-meghivo-2026-belul-600x776.jpg 600w, https:\/\/csbk.org\/wp-content\/uploads\/2026\/01\/ebed-meghivo-2026-belul-791x1024.jpg 791w, https:\/\/csbk.org\/wp-content\/uploads\/2026\/01\/ebed-meghivo-2026-belul-800x1035.jpg 800w, https:\/\/csbk.org\/wp-content\/uploads\/2026\/01\/ebed-meghivo-2026-belul-1187x1536.jpg 1187w, https:\/\/csbk.org\/wp-content\/uploads\/2026\/01\/ebed-meghivo-2026-belul-1200x1553.jpg 1200w, https:\/\/csbk.org\/wp-content\/uploads\/2026\/01\/ebed-meghivo-2026-belul-1583x2048.jpg 1583w, https:\/\/csbk.org\/wp-content\/uploads\/2026\/01\/ebed-meghivo-2026-belul-scaled.jpg 1978w\" sizes=\"(max-width: 1978px) 100vw, 1978px\" \/><\/a><\/h2>\n<h3><a href=\"https:\/\/csbk.org\/en\/delicious-foods-award-recipients-new-scout-leaders-and-a-raffle-embellished-the-2025-scout-banquet\/\" target=\"_blank\" rel=\"noopener\"><span style=\"color: #0000ff;\"><strong>Click HERE to read an article and to see pictures from the 2025 Hungarian Scout Banquet!<\/strong><\/span><\/a><\/h3>\n<h3><span style=\"color: #000000;\">Thank you for your support!<\/span><\/h3>\n","protected":false},"excerpt":{"rendered":"<p>Click here for an article and pictures of the 2026 Hungarian Scout Banquet. Click HERE to read an article and to see  [&#8230;]<\/p>\n","protected":false},"author":3,"featured_media":6769,"parent":0,"menu_order":0,"comment_status":"open","ping_status":"closed","template":"","meta":{"jetpack_post_was_ever_published":false,"footnotes":""},"class_list":["post-351","page","type-page","status-publish","has-post-thumbnail","hentry"],"yoast_head":"<!-- This site is optimized with the Yoast SEO plugin v27.4 - https:\/\/yoast.com\/product\/yoast-seo-wordpress\/ -->\n<title>Scout Banquet - Cserk\u00e9sz Bar\u00e1tok K\u00f6re<\/title>\n<meta name=\"robots\" content=\"index, follow, max-snippet:-1, max-image-preview:large, max-video-preview:-1\" \/>\n<link rel=\"canonical\" href=\"https:\/\/csbk.org\/en\/scout-banquet\/\" \/>\n<meta property=\"og:locale\" content=\"en_US\" \/>\n<meta property=\"og:type\" content=\"article\" \/>\n<meta property=\"og:title\" content=\"Scout Banquet - Cserk\u00e9sz Bar\u00e1tok K\u00f6re\" \/>\n<meta property=\"og:description\" content=\"Click here for an article and pictures of the 2026 Hungarian Scout Banquet. Click HERE to read an article and to see [...]\" \/>\n<meta property=\"og:url\" content=\"https:\/\/csbk.org\/en\/scout-banquet\/\" \/>\n<meta property=\"og:site_name\" content=\"Cserk\u00e9sz Bar\u00e1tok K\u00f6re\" \/>\n<meta property=\"article:publisher\" content=\"https:\/\/www.facebook.com\/profile.php?id=100064848181786\" \/>\n<meta property=\"article:modified_time\" content=\"2026-02-28T01:30:08+00:00\" \/>\n<meta property=\"og:image\" content=\"https:\/\/csbk.org\/wp-content\/uploads\/2026\/01\/ebed-meghivo-2026-cover.jpg\" \/>\n\t<meta property=\"og:image:width\" content=\"2550\" \/>\n\t<meta property=\"og:image:height\" content=\"1648\" \/>\n\t<meta property=\"og:image:type\" content=\"image\/jpeg\" \/>\n<meta name=\"twitter:card\" content=\"summary_large_image\" \/>\n<meta name=\"twitter:image\" content=\"https:\/\/csbk.org\/wp-content\/uploads\/2026\/01\/ebed-meghivo-2026-cover.jpg\" \/>\n<meta name=\"twitter:label1\" content=\"Est. reading time\" \/>\n\t<meta name=\"twitter:data1\" content=\"1 minute\" \/>\n<script type=\"application\/ld+json\" class=\"yoast-schema-graph\">{\"@context\":\"https:\\\/\\\/schema.org\",\"@graph\":[{\"@type\":\"WebPage\",\"@id\":\"https:\\\/\\\/csbk.org\\\/en\\\/scout-banquet\\\/\",\"url\":\"https:\\\/\\\/csbk.org\\\/en\\\/scout-banquet\\\/\",\"name\":\"Scout Banquet - Cserk\u00e9sz Bar\u00e1tok K\u00f6re\",\"isPartOf\":{\"@id\":\"https:\\\/\\\/csbk.org\\\/en\\\/#website\"},\"primaryImageOfPage\":{\"@id\":\"https:\\\/\\\/csbk.org\\\/en\\\/scout-banquet\\\/#primaryimage\"},\"image\":{\"@id\":\"https:\\\/\\\/csbk.org\\\/en\\\/scout-banquet\\\/#primaryimage\"},\"thumbnailUrl\":\"https:\\\/\\\/csbk.org\\\/wp-content\\\/uploads\\\/2026\\\/01\\\/ebed-meghivo-2026-cover.jpg\",\"datePublished\":\"2012-01-31T03:18:19+00:00\",\"dateModified\":\"2026-02-28T01:30:08+00:00\",\"breadcrumb\":{\"@id\":\"https:\\\/\\\/csbk.org\\\/en\\\/scout-banquet\\\/#breadcrumb\"},\"inLanguage\":\"en-US\",\"potentialAction\":[{\"@type\":\"ReadAction\",\"target\":[\"https:\\\/\\\/csbk.org\\\/en\\\/scout-banquet\\\/\"]}]},{\"@type\":\"ImageObject\",\"inLanguage\":\"en-US\",\"@id\":\"https:\\\/\\\/csbk.org\\\/en\\\/scout-banquet\\\/#primaryimage\",\"url\":\"https:\\\/\\\/csbk.org\\\/wp-content\\\/uploads\\\/2026\\\/01\\\/ebed-meghivo-2026-cover.jpg\",\"contentUrl\":\"https:\\\/\\\/csbk.org\\\/wp-content\\\/uploads\\\/2026\\\/01\\\/ebed-meghivo-2026-cover.jpg\",\"width\":2550,\"height\":1648},{\"@type\":\"BreadcrumbList\",\"@id\":\"https:\\\/\\\/csbk.org\\\/en\\\/scout-banquet\\\/#breadcrumb\",\"itemListElement\":[{\"@type\":\"ListItem\",\"position\":1,\"name\":\"Home\",\"item\":\"https:\\\/\\\/csbk.org\\\/en\\\/\"},{\"@type\":\"ListItem\",\"position\":2,\"name\":\"Scout Banquet\"}]},{\"@type\":\"WebSite\",\"@id\":\"https:\\\/\\\/csbk.org\\\/en\\\/#website\",\"url\":\"https:\\\/\\\/csbk.org\\\/en\\\/\",\"name\":\"Cserk\u00e9sz Bar\u00e1tok K\u00f6re\",\"description\":\"American Hungarian Friends of Scouting\",\"publisher\":{\"@id\":\"https:\\\/\\\/csbk.org\\\/en\\\/#organization\"},\"potentialAction\":[{\"@type\":\"SearchAction\",\"target\":{\"@type\":\"EntryPoint\",\"urlTemplate\":\"https:\\\/\\\/csbk.org\\\/en\\\/?s={search_term_string}\"},\"query-input\":{\"@type\":\"PropertyValueSpecification\",\"valueRequired\":true,\"valueName\":\"search_term_string\"}}],\"inLanguage\":\"en-US\"},{\"@type\":\"Organization\",\"@id\":\"https:\\\/\\\/csbk.org\\\/en\\\/#organization\",\"name\":\"Cserk\u00e9sz Bar\u00e1tok K\u00f6re\",\"url\":\"https:\\\/\\\/csbk.org\\\/en\\\/\",\"logo\":{\"@type\":\"ImageObject\",\"inLanguage\":\"en-US\",\"@id\":\"https:\\\/\\\/csbk.org\\\/en\\\/#\\\/schema\\\/logo\\\/image\\\/\",\"url\":\"https:\\\/\\\/csbk.org\\\/wp-content\\\/uploads\\\/2018\\\/12\\\/CSBK-WEB-Fejlec2.jpg\",\"contentUrl\":\"https:\\\/\\\/csbk.org\\\/wp-content\\\/uploads\\\/2018\\\/12\\\/CSBK-WEB-Fejlec2.jpg\",\"width\":1200,\"height\":190,\"caption\":\"Cserk\u00e9sz Bar\u00e1tok K\u00f6re\"},\"image\":{\"@id\":\"https:\\\/\\\/csbk.org\\\/en\\\/#\\\/schema\\\/logo\\\/image\\\/\"},\"sameAs\":[\"https:\\\/\\\/www.facebook.com\\\/profile.php?id=100064848181786\"]}]}<\/script>\n<!-- \/ Yoast SEO plugin. -->","yoast_head_json":{"title":"Scout Banquet - Cserk\u00e9sz Bar\u00e1tok K\u00f6re","robots":{"index":"index","follow":"follow","max-snippet":"max-snippet:-1","max-image-preview":"max-image-preview:large","max-video-preview":"max-video-preview:-1"},"canonical":"https:\/\/csbk.org\/en\/scout-banquet\/","og_locale":"en_US","og_type":"article","og_title":"Scout Banquet - Cserk\u00e9sz Bar\u00e1tok K\u00f6re","og_description":"Click here for an article and pictures of the 2026 Hungarian Scout Banquet. Click HERE to read an article and to see [...]","og_url":"https:\/\/csbk.org\/en\/scout-banquet\/","og_site_name":"Cserk\u00e9sz Bar\u00e1tok K\u00f6re","article_publisher":"https:\/\/www.facebook.com\/profile.php?id=100064848181786","article_modified_time":"2026-02-28T01:30:08+00:00","og_image":[{"width":2550,"height":1648,"url":"https:\/\/csbk.org\/wp-content\/uploads\/2026\/01\/ebed-meghivo-2026-cover.jpg","type":"image\/jpeg"}],"twitter_card":"summary_large_image","twitter_image":"https:\/\/csbk.org\/wp-content\/uploads\/2026\/01\/ebed-meghivo-2026-cover.jpg","twitter_misc":{"Est. reading time":"1 minute"},"schema":{"@context":"https:\/\/schema.org","@graph":[{"@type":"WebPage","@id":"https:\/\/csbk.org\/en\/scout-banquet\/","url":"https:\/\/csbk.org\/en\/scout-banquet\/","name":"Scout Banquet - Cserk\u00e9sz Bar\u00e1tok K\u00f6re","isPartOf":{"@id":"https:\/\/csbk.org\/en\/#website"},"primaryImageOfPage":{"@id":"https:\/\/csbk.org\/en\/scout-banquet\/#primaryimage"},"image":{"@id":"https:\/\/csbk.org\/en\/scout-banquet\/#primaryimage"},"thumbnailUrl":"https:\/\/csbk.org\/wp-content\/uploads\/2026\/01\/ebed-meghivo-2026-cover.jpg","datePublished":"2012-01-31T03:18:19+00:00","dateModified":"2026-02-28T01:30:08+00:00","breadcrumb":{"@id":"https:\/\/csbk.org\/en\/scout-banquet\/#breadcrumb"},"inLanguage":"en-US","potentialAction":[{"@type":"ReadAction","target":["https:\/\/csbk.org\/en\/scout-banquet\/"]}]},{"@type":"ImageObject","inLanguage":"en-US","@id":"https:\/\/csbk.org\/en\/scout-banquet\/#primaryimage","url":"https:\/\/csbk.org\/wp-content\/uploads\/2026\/01\/ebed-meghivo-2026-cover.jpg","contentUrl":"https:\/\/csbk.org\/wp-content\/uploads\/2026\/01\/ebed-meghivo-2026-cover.jpg","width":2550,"height":1648},{"@type":"BreadcrumbList","@id":"https:\/\/csbk.org\/en\/scout-banquet\/#breadcrumb","itemListElement":[{"@type":"ListItem","position":1,"name":"Home","item":"https:\/\/csbk.org\/en\/"},{"@type":"ListItem","position":2,"name":"Scout Banquet"}]},{"@type":"WebSite","@id":"https:\/\/csbk.org\/en\/#website","url":"https:\/\/csbk.org\/en\/","name":"Cserk\u00e9sz Bar\u00e1tok K\u00f6re","description":"American Hungarian Friends of Scouting","publisher":{"@id":"https:\/\/csbk.org\/en\/#organization"},"potentialAction":[{"@type":"SearchAction","target":{"@type":"EntryPoint","urlTemplate":"https:\/\/csbk.org\/en\/?s={search_term_string}"},"query-input":{"@type":"PropertyValueSpecification","valueRequired":true,"valueName":"search_term_string"}}],"inLanguage":"en-US"},{"@type":"Organization","@id":"https:\/\/csbk.org\/en\/#organization","name":"Cserk\u00e9sz Bar\u00e1tok K\u00f6re","url":"https:\/\/csbk.org\/en\/","logo":{"@type":"ImageObject","inLanguage":"en-US","@id":"https:\/\/csbk.org\/en\/#\/schema\/logo\/image\/","url":"https:\/\/csbk.org\/wp-content\/uploads\/2018\/12\/CSBK-WEB-Fejlec2.jpg","contentUrl":"https:\/\/csbk.org\/wp-content\/uploads\/2018\/12\/CSBK-WEB-Fejlec2.jpg","width":1200,"height":190,"caption":"Cserk\u00e9sz Bar\u00e1tok K\u00f6re"},"image":{"@id":"https:\/\/csbk.org\/en\/#\/schema\/logo\/image\/"},"sameAs":["https:\/\/www.facebook.com\/profile.php?id=100064848181786"]}]}},"jetpack_sharing_enabled":true,"jetpack_shortlink":"https:\/\/wp.me\/P7e135-5F","_links":{"self":[{"href":"https:\/\/csbk.org\/en\/wp-json\/wp\/v2\/pages\/351","targetHints":{"allow":["GET"]}}],"collection":[{"href":"https:\/\/csbk.org\/en\/wp-json\/wp\/v2\/pages"}],"about":[{"href":"https:\/\/csbk.org\/en\/wp-json\/wp\/v2\/types\/page"}],"author":[{"embeddable":true,"href":"https:\/\/csbk.org\/en\/wp-json\/wp\/v2\/users\/3"}],"replies":[{"embeddable":true,"href":"https:\/\/csbk.org\/en\/wp-json\/wp\/v2\/comments?post=351"}],"version-history":[{"count":31,"href":"https:\/\/csbk.org\/en\/wp-json\/wp\/v2\/pages\/351\/revisions"}],"predecessor-version":[{"id":6903,"href":"https:\/\/csbk.org\/en\/wp-json\/wp\/v2\/pages\/351\/revisions\/6903"}],"wp:featuredmedia":[{"embeddable":true,"href":"https:\/\/csbk.org\/en\/wp-json\/wp\/v2\/media\/6769"}],"wp:attachment":[{"href":"https:\/\/csbk.org\/en\/wp-json\/wp\/v2\/media?parent=351"}],"curies":[{"name":"wp","href":"https:\/\/api.w.org\/{rel}","templated":true}]}}