{"id":3572,"date":"2019-01-30T13:21:52","date_gmt":"2019-01-30T18:21:52","guid":{"rendered":"https:\/\/csbk.org\/scout-banquet-reservation-form\/"},"modified":"2021-02-01T18:42:38","modified_gmt":"2021-02-01T23:42:38","slug":"scout-banquet-2","status":"publish","type":"page","link":"https:\/\/csbk.org\/en\/scout-banquet-2\/","title":{"rendered":"Scout Banquet"},"content":{"rendered":"<p>The American Hungarian Friends of Scouting cordially invites you and your family to our Scout Banquet Take-out on February 28, 2021 at St. Emeric Church. Menu: Chicken soup with liver dumplings, beef stew with spaetzle, cucumber salad and Gerbeaud slice for dessert. Donation: $20.00 (extra soup for $5). Detailed ordering information is below.<\/p>\n<p><a href=\"https:\/\/csbk.org\/wp-content\/uploads\/2021\/02\/ebed-meghivo-2021-inside.jpg\"><img decoding=\"async\" data-attachment-id=\"4357\" data-permalink=\"https:\/\/csbk.org\/en\/scout-lunch-2021-feb-28\/ebed-meghivo-2021-inside-2\/\" data-orig-file=\"https:\/\/csbk.org\/wp-content\/uploads\/2021\/02\/ebed-meghivo-2021-inside.jpg\" data-orig-size=\"1275,1650\" data-comments-opened=\"0\" data-image-meta=\"{&quot;aperture&quot;:&quot;0&quot;,&quot;credit&quot;:&quot;&quot;,&quot;camera&quot;:&quot;&quot;,&quot;caption&quot;:&quot;&quot;,&quot;created_timestamp&quot;:&quot;0&quot;,&quot;copyright&quot;:&quot;&quot;,&quot;focal_length&quot;:&quot;0&quot;,&quot;iso&quot;:&quot;0&quot;,&quot;shutter_speed&quot;:&quot;0&quot;,&quot;title&quot;:&quot;&quot;,&quot;orientation&quot;:&quot;0&quot;}\" data-image-title=\"ebed meghivo 2021 &amp;#8211; inside\" data-image-description=\"\" data-image-caption=\"\" data-large-file=\"https:\/\/csbk.org\/wp-content\/uploads\/2021\/02\/ebed-meghivo-2021-inside-791x1024.jpg\" class=\"aligncenter size-full wp-image-4357\" src=\"https:\/\/csbk.org\/wp-content\/uploads\/2021\/02\/ebed-meghivo-2021-inside.jpg\" alt=\"\" width=\"1275\" height=\"1650\" srcset=\"https:\/\/csbk.org\/wp-content\/uploads\/2021\/02\/ebed-meghivo-2021-inside-200x259.jpg 200w, https:\/\/csbk.org\/wp-content\/uploads\/2021\/02\/ebed-meghivo-2021-inside-232x300.jpg 232w, https:\/\/csbk.org\/wp-content\/uploads\/2021\/02\/ebed-meghivo-2021-inside-400x518.jpg 400w, https:\/\/csbk.org\/wp-content\/uploads\/2021\/02\/ebed-meghivo-2021-inside-600x776.jpg 600w, https:\/\/csbk.org\/wp-content\/uploads\/2021\/02\/ebed-meghivo-2021-inside-791x1024.jpg 791w, https:\/\/csbk.org\/wp-content\/uploads\/2021\/02\/ebed-meghivo-2021-inside-800x1035.jpg 800w, https:\/\/csbk.org\/wp-content\/uploads\/2021\/02\/ebed-meghivo-2021-inside-1187x1536.jpg 1187w, https:\/\/csbk.org\/wp-content\/uploads\/2021\/02\/ebed-meghivo-2021-inside-1200x1553.jpg 1200w, https:\/\/csbk.org\/wp-content\/uploads\/2021\/02\/ebed-meghivo-2021-inside.jpg 1275w\" sizes=\"(max-width: 1275px) 100vw, 1275px\" \/><\/a><\/p>\n<p>&nbsp;<\/p>\n<h3><\/h3>\n<p>&nbsp;<\/p>\n<p>&nbsp;<\/p>\n<p>&nbsp;<\/p>\n<p>&nbsp;<\/p>\n<p>&nbsp;<\/p>\n","protected":false},"excerpt":{"rendered":"<p>The American Hungarian Friends of Scouting cordially invites you and your family to our Scout Banquet Take-out on February 28, 2021 at  [&#8230;]<\/p>\n","protected":false},"author":4,"featured_media":4333,"parent":0,"menu_order":0,"comment_status":"closed","ping_status":"closed","template":"","meta":{"jetpack_post_was_ever_published":false,"footnotes":""},"class_list":["post-3572","page","type-page","status-publish","has-post-thumbnail","hentry"],"yoast_head":"<!-- This site is optimized with the Yoast SEO plugin v27.4 - https:\/\/yoast.com\/product\/yoast-seo-wordpress\/ -->\n<title>Scout Banquet - Cserk\u00e9sz Bar\u00e1tok K\u00f6re<\/title>\n<meta name=\"robots\" content=\"index, follow, max-snippet:-1, max-image-preview:large, max-video-preview:-1\" \/>\n<link rel=\"canonical\" href=\"https:\/\/csbk.org\/en\/scout-banquet-2\/\" \/>\n<meta property=\"og:locale\" content=\"en_US\" \/>\n<meta property=\"og:type\" content=\"article\" \/>\n<meta property=\"og:title\" content=\"Scout Banquet - Cserk\u00e9sz Bar\u00e1tok K\u00f6re\" \/>\n<meta property=\"og:description\" content=\"The American Hungarian Friends of Scouting cordially invites you and your family to our Scout Banquet Take-out on February 28, 2021 at [...]\" \/>\n<meta property=\"og:url\" content=\"https:\/\/csbk.org\/en\/scout-banquet-2\/\" \/>\n<meta property=\"og:site_name\" content=\"Cserk\u00e9sz Bar\u00e1tok K\u00f6re\" \/>\n<meta property=\"article:publisher\" content=\"https:\/\/www.facebook.com\/profile.php?id=100064848181786\" \/>\n<meta property=\"article:modified_time\" content=\"2021-02-01T23:42:38+00:00\" \/>\n<meta property=\"og:image\" content=\"https:\/\/csbk.org\/wp-content\/uploads\/2019\/01\/Cserkeszebed-2019.jpg\" \/>\n\t<meta property=\"og:image:width\" content=\"1200\" \/>\n\t<meta property=\"og:image:height\" content=\"776\" \/>\n\t<meta property=\"og:image:type\" content=\"image\/jpeg\" \/>\n<meta name=\"twitter:card\" content=\"summary_large_image\" \/>\n<meta name=\"twitter:image\" content=\"https:\/\/csbk.org\/wp-content\/uploads\/2019\/01\/Cserkeszebed-2019.jpg\" \/>\n<meta name=\"twitter:label1\" content=\"Est. reading time\" \/>\n\t<meta name=\"twitter:data1\" content=\"1 minute\" \/>\n<script type=\"application\/ld+json\" class=\"yoast-schema-graph\">{\"@context\":\"https:\\\/\\\/schema.org\",\"@graph\":[{\"@type\":\"WebPage\",\"@id\":\"https:\\\/\\\/csbk.org\\\/en\\\/scout-banquet-2\\\/\",\"url\":\"https:\\\/\\\/csbk.org\\\/en\\\/scout-banquet-2\\\/\",\"name\":\"Scout Banquet - Cserk\u00e9sz Bar\u00e1tok K\u00f6re\",\"isPartOf\":{\"@id\":\"https:\\\/\\\/csbk.org\\\/en\\\/#website\"},\"primaryImageOfPage\":{\"@id\":\"https:\\\/\\\/csbk.org\\\/en\\\/scout-banquet-2\\\/#primaryimage\"},\"image\":{\"@id\":\"https:\\\/\\\/csbk.org\\\/en\\\/scout-banquet-2\\\/#primaryimage\"},\"thumbnailUrl\":\"https:\\\/\\\/csbk.org\\\/wp-content\\\/uploads\\\/2021\\\/01\\\/Cserkeszebed-2021-Cover.png\",\"datePublished\":\"2019-01-30T18:21:52+00:00\",\"dateModified\":\"2021-02-01T23:42:38+00:00\",\"breadcrumb\":{\"@id\":\"https:\\\/\\\/csbk.org\\\/en\\\/scout-banquet-2\\\/#breadcrumb\"},\"inLanguage\":\"en-US\",\"potentialAction\":[{\"@type\":\"ReadAction\",\"target\":[\"https:\\\/\\\/csbk.org\\\/en\\\/scout-banquet-2\\\/\"]}]},{\"@type\":\"ImageObject\",\"inLanguage\":\"en-US\",\"@id\":\"https:\\\/\\\/csbk.org\\\/en\\\/scout-banquet-2\\\/#primaryimage\",\"url\":\"https:\\\/\\\/csbk.org\\\/wp-content\\\/uploads\\\/2021\\\/01\\\/Cserkeszebed-2021-Cover.png\",\"contentUrl\":\"https:\\\/\\\/csbk.org\\\/wp-content\\\/uploads\\\/2021\\\/01\\\/Cserkeszebed-2021-Cover.png\",\"width\":2550,\"height\":1650},{\"@type\":\"BreadcrumbList\",\"@id\":\"https:\\\/\\\/csbk.org\\\/en\\\/scout-banquet-2\\\/#breadcrumb\",\"itemListElement\":[{\"@type\":\"ListItem\",\"position\":1,\"name\":\"Home\",\"item\":\"https:\\\/\\\/csbk.org\\\/en\\\/\"},{\"@type\":\"ListItem\",\"position\":2,\"name\":\"Scout Banquet\"}]},{\"@type\":\"WebSite\",\"@id\":\"https:\\\/\\\/csbk.org\\\/en\\\/#website\",\"url\":\"https:\\\/\\\/csbk.org\\\/en\\\/\",\"name\":\"Cserk\u00e9sz Bar\u00e1tok K\u00f6re\",\"description\":\"American Hungarian Friends of Scouting\",\"publisher\":{\"@id\":\"https:\\\/\\\/csbk.org\\\/en\\\/#organization\"},\"potentialAction\":[{\"@type\":\"SearchAction\",\"target\":{\"@type\":\"EntryPoint\",\"urlTemplate\":\"https:\\\/\\\/csbk.org\\\/en\\\/?s={search_term_string}\"},\"query-input\":{\"@type\":\"PropertyValueSpecification\",\"valueRequired\":true,\"valueName\":\"search_term_string\"}}],\"inLanguage\":\"en-US\"},{\"@type\":\"Organization\",\"@id\":\"https:\\\/\\\/csbk.org\\\/en\\\/#organization\",\"name\":\"Cserk\u00e9sz Bar\u00e1tok K\u00f6re\",\"url\":\"https:\\\/\\\/csbk.org\\\/en\\\/\",\"logo\":{\"@type\":\"ImageObject\",\"inLanguage\":\"en-US\",\"@id\":\"https:\\\/\\\/csbk.org\\\/en\\\/#\\\/schema\\\/logo\\\/image\\\/\",\"url\":\"https:\\\/\\\/csbk.org\\\/wp-content\\\/uploads\\\/2018\\\/12\\\/CSBK-WEB-Fejlec2.jpg\",\"contentUrl\":\"https:\\\/\\\/csbk.org\\\/wp-content\\\/uploads\\\/2018\\\/12\\\/CSBK-WEB-Fejlec2.jpg\",\"width\":1200,\"height\":190,\"caption\":\"Cserk\u00e9sz Bar\u00e1tok K\u00f6re\"},\"image\":{\"@id\":\"https:\\\/\\\/csbk.org\\\/en\\\/#\\\/schema\\\/logo\\\/image\\\/\"},\"sameAs\":[\"https:\\\/\\\/www.facebook.com\\\/profile.php?id=100064848181786\"]}]}<\/script>\n<!-- \/ Yoast SEO plugin. -->","yoast_head_json":{"title":"Scout Banquet - Cserk\u00e9sz Bar\u00e1tok K\u00f6re","robots":{"index":"index","follow":"follow","max-snippet":"max-snippet:-1","max-image-preview":"max-image-preview:large","max-video-preview":"max-video-preview:-1"},"canonical":"https:\/\/csbk.org\/en\/scout-banquet-2\/","og_locale":"en_US","og_type":"article","og_title":"Scout Banquet - Cserk\u00e9sz Bar\u00e1tok K\u00f6re","og_description":"The American Hungarian Friends of Scouting cordially invites you and your family to our Scout Banquet Take-out on February 28, 2021 at [...]","og_url":"https:\/\/csbk.org\/en\/scout-banquet-2\/","og_site_name":"Cserk\u00e9sz Bar\u00e1tok K\u00f6re","article_publisher":"https:\/\/www.facebook.com\/profile.php?id=100064848181786","article_modified_time":"2021-02-01T23:42:38+00:00","og_image":[{"width":1200,"height":776,"url":"https:\/\/csbk.org\/wp-content\/uploads\/2019\/01\/Cserkeszebed-2019.jpg","type":"image\/jpeg"}],"twitter_card":"summary_large_image","twitter_image":"https:\/\/csbk.org\/wp-content\/uploads\/2019\/01\/Cserkeszebed-2019.jpg","twitter_misc":{"Est. reading time":"1 minute"},"schema":{"@context":"https:\/\/schema.org","@graph":[{"@type":"WebPage","@id":"https:\/\/csbk.org\/en\/scout-banquet-2\/","url":"https:\/\/csbk.org\/en\/scout-banquet-2\/","name":"Scout Banquet - Cserk\u00e9sz Bar\u00e1tok K\u00f6re","isPartOf":{"@id":"https:\/\/csbk.org\/en\/#website"},"primaryImageOfPage":{"@id":"https:\/\/csbk.org\/en\/scout-banquet-2\/#primaryimage"},"image":{"@id":"https:\/\/csbk.org\/en\/scout-banquet-2\/#primaryimage"},"thumbnailUrl":"https:\/\/csbk.org\/wp-content\/uploads\/2021\/01\/Cserkeszebed-2021-Cover.png","datePublished":"2019-01-30T18:21:52+00:00","dateModified":"2021-02-01T23:42:38+00:00","breadcrumb":{"@id":"https:\/\/csbk.org\/en\/scout-banquet-2\/#breadcrumb"},"inLanguage":"en-US","potentialAction":[{"@type":"ReadAction","target":["https:\/\/csbk.org\/en\/scout-banquet-2\/"]}]},{"@type":"ImageObject","inLanguage":"en-US","@id":"https:\/\/csbk.org\/en\/scout-banquet-2\/#primaryimage","url":"https:\/\/csbk.org\/wp-content\/uploads\/2021\/01\/Cserkeszebed-2021-Cover.png","contentUrl":"https:\/\/csbk.org\/wp-content\/uploads\/2021\/01\/Cserkeszebed-2021-Cover.png","width":2550,"height":1650},{"@type":"BreadcrumbList","@id":"https:\/\/csbk.org\/en\/scout-banquet-2\/#breadcrumb","itemListElement":[{"@type":"ListItem","position":1,"name":"Home","item":"https:\/\/csbk.org\/en\/"},{"@type":"ListItem","position":2,"name":"Scout Banquet"}]},{"@type":"WebSite","@id":"https:\/\/csbk.org\/en\/#website","url":"https:\/\/csbk.org\/en\/","name":"Cserk\u00e9sz Bar\u00e1tok K\u00f6re","description":"American Hungarian Friends of Scouting","publisher":{"@id":"https:\/\/csbk.org\/en\/#organization"},"potentialAction":[{"@type":"SearchAction","target":{"@type":"EntryPoint","urlTemplate":"https:\/\/csbk.org\/en\/?s={search_term_string}"},"query-input":{"@type":"PropertyValueSpecification","valueRequired":true,"valueName":"search_term_string"}}],"inLanguage":"en-US"},{"@type":"Organization","@id":"https:\/\/csbk.org\/en\/#organization","name":"Cserk\u00e9sz Bar\u00e1tok K\u00f6re","url":"https:\/\/csbk.org\/en\/","logo":{"@type":"ImageObject","inLanguage":"en-US","@id":"https:\/\/csbk.org\/en\/#\/schema\/logo\/image\/","url":"https:\/\/csbk.org\/wp-content\/uploads\/2018\/12\/CSBK-WEB-Fejlec2.jpg","contentUrl":"https:\/\/csbk.org\/wp-content\/uploads\/2018\/12\/CSBK-WEB-Fejlec2.jpg","width":1200,"height":190,"caption":"Cserk\u00e9sz Bar\u00e1tok K\u00f6re"},"image":{"@id":"https:\/\/csbk.org\/en\/#\/schema\/logo\/image\/"},"sameAs":["https:\/\/www.facebook.com\/profile.php?id=100064848181786"]}]}},"jetpack_sharing_enabled":true,"jetpack_shortlink":"https:\/\/wp.me\/P7e135-VC","_links":{"self":[{"href":"https:\/\/csbk.org\/en\/wp-json\/wp\/v2\/pages\/3572","targetHints":{"allow":["GET"]}}],"collection":[{"href":"https:\/\/csbk.org\/en\/wp-json\/wp\/v2\/pages"}],"about":[{"href":"https:\/\/csbk.org\/en\/wp-json\/wp\/v2\/types\/page"}],"author":[{"embeddable":true,"href":"https:\/\/csbk.org\/en\/wp-json\/wp\/v2\/users\/4"}],"replies":[{"embeddable":true,"href":"https:\/\/csbk.org\/en\/wp-json\/wp\/v2\/comments?post=3572"}],"version-history":[{"count":10,"href":"https:\/\/csbk.org\/en\/wp-json\/wp\/v2\/pages\/3572\/revisions"}],"predecessor-version":[{"id":4365,"href":"https:\/\/csbk.org\/en\/wp-json\/wp\/v2\/pages\/3572\/revisions\/4365"}],"wp:featuredmedia":[{"embeddable":true,"href":"https:\/\/csbk.org\/en\/wp-json\/wp\/v2\/media\/4333"}],"wp:attachment":[{"href":"https:\/\/csbk.org\/en\/wp-json\/wp\/v2\/media?parent=3572"}],"curies":[{"name":"wp","href":"https:\/\/api.w.org\/{rel}","templated":true}]}}