{"id":3785,"date":"2019-04-04T20:13:56","date_gmt":"2019-04-05T00:13:56","guid":{"rendered":"https:\/\/csbk.org\/?page_id=3785"},"modified":"2026-02-27T15:17:08","modified_gmt":"2026-02-27T20:17:08","slug":"purchase-scout-ball-tickets","status":"publish","type":"page","link":"https:\/\/csbk.org\/en\/purchase-scout-ball-tickets\/","title":{"rendered":"Purchase Scout Ball tickets"},"content":{"rendered":"<p><a href=\"https:\/\/csbk.org\/en\/scout-ball\/\">Detailed information here!<\/a><\/p>\n<p style=\"text-align: center;\"><a href=\"https:\/\/csbk.org\/wp-content\/uploads\/2026\/02\/75.png\"><img decoding=\"async\" data-attachment-id=\"6883\" data-permalink=\"https:\/\/csbk.org\/en\/purchase-scout-ball-tickets\/75-2\/\" data-orig-file=\"https:\/\/csbk.org\/wp-content\/uploads\/2026\/02\/75.png\" data-orig-size=\"500,491\" data-comments-opened=\"0\" data-image-meta=\"{&quot;aperture&quot;:&quot;0&quot;,&quot;credit&quot;:&quot;&quot;,&quot;camera&quot;:&quot;&quot;,&quot;caption&quot;:&quot;&quot;,&quot;created_timestamp&quot;:&quot;0&quot;,&quot;copyright&quot;:&quot;&quot;,&quot;focal_length&quot;:&quot;0&quot;,&quot;iso&quot;:&quot;0&quot;,&quot;shutter_speed&quot;:&quot;0&quot;,&quot;title&quot;:&quot;&quot;,&quot;orientation&quot;:&quot;0&quot;}\" data-image-title=\"75\" data-image-description=\"\" data-image-caption=\"\" data-large-file=\"https:\/\/csbk.org\/wp-content\/uploads\/2026\/02\/75.png\" class=\"alignright size-medium wp-image-6883\" src=\"https:\/\/csbk.org\/wp-content\/uploads\/2026\/02\/75-300x295.png\" alt=\"\" width=\"300\" height=\"295\" srcset=\"https:\/\/csbk.org\/wp-content\/uploads\/2026\/02\/75-66x66.png 66w, https:\/\/csbk.org\/wp-content\/uploads\/2026\/02\/75-200x196.png 200w, https:\/\/csbk.org\/wp-content\/uploads\/2026\/02\/75-300x295.png 300w, https:\/\/csbk.org\/wp-content\/uploads\/2026\/02\/75-400x393.png 400w, https:\/\/csbk.org\/wp-content\/uploads\/2026\/02\/75.png 500w\" sizes=\"(max-width: 300px) 100vw, 300px\" \/><\/a>The American Hungarian Friends of Scouting cordially invites you to its<\/p>\n<h3 style=\"text-align: center;\"><strong>69th Annual Hungarian Scout Benefit Ball<\/strong><\/h3>\n<p style=\"text-align: center;\">at Windows on the River<\/p>\n<h3 style=\"text-align: center;\"><strong><em>April 25, 2026<\/em><\/strong><\/h3>\n<hr \/>\n<p style=\"text-align: center;\">Please join us as we celebrate 75 years of Hungarian Scouting in Cleveland, and our Hungarian heritage and community. Black tie preferred, cocktail attire required.<\/p>\n<p style=\"text-align: center;\">All proceeds will support the four active Hungarian Scout Troops of Cleveland, ensuring that this proud tradition continues to inspire for many years to come.<\/p>\n<p style=\"text-align: center;\">Held Saturday, April 25, 2026, starting at 6:00pm, at <a href=\"https:\/\/www.google.com\/maps\/search\/?api=1&amp;query=2000+Sycamore+St&amp;query_place_id=ChIJaXUmfGPwMIgR-2wBq7m4cx8\">Windows on the River, 2000 Sycamore St. Cleveland OH<\/a>.<\/p>\n<hr \/>\n<p style=\"text-align: center;\"><strong>Adult tickets<\/strong>*<\/p>\n<p style=\"text-align: center;\">$130 through April 8 ($145 from April 9-15)<\/p>\n<p style=\"text-align: center;\"><strong>Young Adult tickets\u00a0<\/strong>(age 16-25)*<\/p>\n<p style=\"text-align: center;\">$65 through April 8 ($75 from April 9-15)<\/p>\n<p style=\"text-align: center;\"><em>*Kindly note that parking is available for $6 and is not included in the ticket price.<\/em><\/p>\n<p style=\"text-align: center;\">For more information, please contact Marika Megyimori Dolesch at benefitball@csbk.org<\/p>\n<givebutter-widget id=\"jNrBqj\"><\/givebutter-widget>\n<p>&nbsp;<\/p>\n","protected":false},"excerpt":{"rendered":"<p>Detailed information here! The American Hungarian Friends of Scouting cordially invites you to its 69th Annual Hungarian Scout Benefit Ball at Windows  [&#8230;]<\/p>\n","protected":false},"author":3,"featured_media":6883,"parent":0,"menu_order":0,"comment_status":"closed","ping_status":"closed","template":"100-width.php","meta":{"jetpack_post_was_ever_published":false,"footnotes":""},"class_list":["post-3785","page","type-page","status-publish","has-post-thumbnail","hentry"],"yoast_head":"<!-- This site is optimized with the Yoast SEO plugin v27.4 - https:\/\/yoast.com\/product\/yoast-seo-wordpress\/ -->\n<title>Purchase Scout Ball tickets - Cserk\u00e9sz Bar\u00e1tok K\u00f6re<\/title>\n<meta name=\"robots\" content=\"index, follow, max-snippet:-1, max-image-preview:large, max-video-preview:-1\" \/>\n<link rel=\"canonical\" href=\"https:\/\/csbk.org\/en\/purchase-scout-ball-tickets\/\" \/>\n<meta property=\"og:locale\" content=\"en_US\" \/>\n<meta property=\"og:type\" content=\"article\" \/>\n<meta property=\"og:title\" content=\"Purchase Scout Ball tickets - Cserk\u00e9sz Bar\u00e1tok K\u00f6re\" \/>\n<meta property=\"og:description\" content=\"Detailed information here! The American Hungarian Friends of Scouting cordially invites you to its 69th Annual Hungarian Scout Benefit Ball at Windows [...]\" \/>\n<meta property=\"og:url\" content=\"https:\/\/csbk.org\/en\/purchase-scout-ball-tickets\/\" \/>\n<meta property=\"og:site_name\" content=\"Cserk\u00e9sz Bar\u00e1tok K\u00f6re\" \/>\n<meta property=\"article:publisher\" content=\"https:\/\/www.facebook.com\/profile.php?id=100064848181786\" \/>\n<meta property=\"article:modified_time\" content=\"2026-02-27T20:17:08+00:00\" \/>\n<meta property=\"og:image\" content=\"https:\/\/csbk.org\/wp-content\/uploads\/2023\/03\/2023-Meghivo-P-2.jpg\" \/>\n\t<meta property=\"og:image:width\" content=\"1752\" \/>\n\t<meta property=\"og:image:height\" content=\"862\" \/>\n\t<meta property=\"og:image:type\" content=\"image\/jpeg\" \/>\n<meta name=\"twitter:card\" content=\"summary_large_image\" \/>\n<meta name=\"twitter:image\" content=\"https:\/\/csbk.org\/wp-content\/uploads\/2023\/03\/2023-Meghivo-P-2.jpg\" \/>\n<meta name=\"twitter:label1\" content=\"Est. reading time\" \/>\n\t<meta name=\"twitter:data1\" content=\"2 minutes\" \/>\n<script type=\"application\/ld+json\" class=\"yoast-schema-graph\">{\"@context\":\"https:\\\/\\\/schema.org\",\"@graph\":[{\"@type\":\"WebPage\",\"@id\":\"https:\\\/\\\/csbk.org\\\/en\\\/purchase-scout-ball-tickets\\\/\",\"url\":\"https:\\\/\\\/csbk.org\\\/en\\\/purchase-scout-ball-tickets\\\/\",\"name\":\"Purchase Scout Ball tickets - Cserk\u00e9sz Bar\u00e1tok K\u00f6re\",\"isPartOf\":{\"@id\":\"https:\\\/\\\/csbk.org\\\/en\\\/#website\"},\"primaryImageOfPage\":{\"@id\":\"https:\\\/\\\/csbk.org\\\/en\\\/purchase-scout-ball-tickets\\\/#primaryimage\"},\"image\":{\"@id\":\"https:\\\/\\\/csbk.org\\\/en\\\/purchase-scout-ball-tickets\\\/#primaryimage\"},\"thumbnailUrl\":\"https:\\\/\\\/csbk.org\\\/wp-content\\\/uploads\\\/2026\\\/02\\\/75.png\",\"datePublished\":\"2019-04-05T00:13:56+00:00\",\"dateModified\":\"2026-02-27T20:17:08+00:00\",\"breadcrumb\":{\"@id\":\"https:\\\/\\\/csbk.org\\\/en\\\/purchase-scout-ball-tickets\\\/#breadcrumb\"},\"inLanguage\":\"en-US\",\"potentialAction\":[{\"@type\":\"ReadAction\",\"target\":[\"https:\\\/\\\/csbk.org\\\/en\\\/purchase-scout-ball-tickets\\\/\"]}]},{\"@type\":\"ImageObject\",\"inLanguage\":\"en-US\",\"@id\":\"https:\\\/\\\/csbk.org\\\/en\\\/purchase-scout-ball-tickets\\\/#primaryimage\",\"url\":\"https:\\\/\\\/csbk.org\\\/wp-content\\\/uploads\\\/2026\\\/02\\\/75.png\",\"contentUrl\":\"https:\\\/\\\/csbk.org\\\/wp-content\\\/uploads\\\/2026\\\/02\\\/75.png\",\"width\":500,\"height\":491},{\"@type\":\"BreadcrumbList\",\"@id\":\"https:\\\/\\\/csbk.org\\\/en\\\/purchase-scout-ball-tickets\\\/#breadcrumb\",\"itemListElement\":[{\"@type\":\"ListItem\",\"position\":1,\"name\":\"Home\",\"item\":\"https:\\\/\\\/csbk.org\\\/en\\\/\"},{\"@type\":\"ListItem\",\"position\":2,\"name\":\"Purchase Scout Ball tickets\"}]},{\"@type\":\"WebSite\",\"@id\":\"https:\\\/\\\/csbk.org\\\/en\\\/#website\",\"url\":\"https:\\\/\\\/csbk.org\\\/en\\\/\",\"name\":\"Cserk\u00e9sz Bar\u00e1tok K\u00f6re\",\"description\":\"American Hungarian Friends of Scouting\",\"publisher\":{\"@id\":\"https:\\\/\\\/csbk.org\\\/en\\\/#organization\"},\"potentialAction\":[{\"@type\":\"SearchAction\",\"target\":{\"@type\":\"EntryPoint\",\"urlTemplate\":\"https:\\\/\\\/csbk.org\\\/en\\\/?s={search_term_string}\"},\"query-input\":{\"@type\":\"PropertyValueSpecification\",\"valueRequired\":true,\"valueName\":\"search_term_string\"}}],\"inLanguage\":\"en-US\"},{\"@type\":\"Organization\",\"@id\":\"https:\\\/\\\/csbk.org\\\/en\\\/#organization\",\"name\":\"Cserk\u00e9sz Bar\u00e1tok K\u00f6re\",\"url\":\"https:\\\/\\\/csbk.org\\\/en\\\/\",\"logo\":{\"@type\":\"ImageObject\",\"inLanguage\":\"en-US\",\"@id\":\"https:\\\/\\\/csbk.org\\\/en\\\/#\\\/schema\\\/logo\\\/image\\\/\",\"url\":\"https:\\\/\\\/csbk.org\\\/wp-content\\\/uploads\\\/2018\\\/12\\\/CSBK-WEB-Fejlec2.jpg\",\"contentUrl\":\"https:\\\/\\\/csbk.org\\\/wp-content\\\/uploads\\\/2018\\\/12\\\/CSBK-WEB-Fejlec2.jpg\",\"width\":1200,\"height\":190,\"caption\":\"Cserk\u00e9sz Bar\u00e1tok K\u00f6re\"},\"image\":{\"@id\":\"https:\\\/\\\/csbk.org\\\/en\\\/#\\\/schema\\\/logo\\\/image\\\/\"},\"sameAs\":[\"https:\\\/\\\/www.facebook.com\\\/profile.php?id=100064848181786\"]}]}<\/script>\n<!-- \/ Yoast SEO plugin. -->","yoast_head_json":{"title":"Purchase Scout Ball tickets - Cserk\u00e9sz Bar\u00e1tok K\u00f6re","robots":{"index":"index","follow":"follow","max-snippet":"max-snippet:-1","max-image-preview":"max-image-preview:large","max-video-preview":"max-video-preview:-1"},"canonical":"https:\/\/csbk.org\/en\/purchase-scout-ball-tickets\/","og_locale":"en_US","og_type":"article","og_title":"Purchase Scout Ball tickets - Cserk\u00e9sz Bar\u00e1tok K\u00f6re","og_description":"Detailed information here! The American Hungarian Friends of Scouting cordially invites you to its 69th Annual Hungarian Scout Benefit Ball at Windows [...]","og_url":"https:\/\/csbk.org\/en\/purchase-scout-ball-tickets\/","og_site_name":"Cserk\u00e9sz Bar\u00e1tok K\u00f6re","article_publisher":"https:\/\/www.facebook.com\/profile.php?id=100064848181786","article_modified_time":"2026-02-27T20:17:08+00:00","og_image":[{"width":1752,"height":862,"url":"https:\/\/csbk.org\/wp-content\/uploads\/2023\/03\/2023-Meghivo-P-2.jpg","type":"image\/jpeg"}],"twitter_card":"summary_large_image","twitter_image":"https:\/\/csbk.org\/wp-content\/uploads\/2023\/03\/2023-Meghivo-P-2.jpg","twitter_misc":{"Est. reading time":"2 minutes"},"schema":{"@context":"https:\/\/schema.org","@graph":[{"@type":"WebPage","@id":"https:\/\/csbk.org\/en\/purchase-scout-ball-tickets\/","url":"https:\/\/csbk.org\/en\/purchase-scout-ball-tickets\/","name":"Purchase Scout Ball tickets - Cserk\u00e9sz Bar\u00e1tok K\u00f6re","isPartOf":{"@id":"https:\/\/csbk.org\/en\/#website"},"primaryImageOfPage":{"@id":"https:\/\/csbk.org\/en\/purchase-scout-ball-tickets\/#primaryimage"},"image":{"@id":"https:\/\/csbk.org\/en\/purchase-scout-ball-tickets\/#primaryimage"},"thumbnailUrl":"https:\/\/csbk.org\/wp-content\/uploads\/2026\/02\/75.png","datePublished":"2019-04-05T00:13:56+00:00","dateModified":"2026-02-27T20:17:08+00:00","breadcrumb":{"@id":"https:\/\/csbk.org\/en\/purchase-scout-ball-tickets\/#breadcrumb"},"inLanguage":"en-US","potentialAction":[{"@type":"ReadAction","target":["https:\/\/csbk.org\/en\/purchase-scout-ball-tickets\/"]}]},{"@type":"ImageObject","inLanguage":"en-US","@id":"https:\/\/csbk.org\/en\/purchase-scout-ball-tickets\/#primaryimage","url":"https:\/\/csbk.org\/wp-content\/uploads\/2026\/02\/75.png","contentUrl":"https:\/\/csbk.org\/wp-content\/uploads\/2026\/02\/75.png","width":500,"height":491},{"@type":"BreadcrumbList","@id":"https:\/\/csbk.org\/en\/purchase-scout-ball-tickets\/#breadcrumb","itemListElement":[{"@type":"ListItem","position":1,"name":"Home","item":"https:\/\/csbk.org\/en\/"},{"@type":"ListItem","position":2,"name":"Purchase Scout Ball tickets"}]},{"@type":"WebSite","@id":"https:\/\/csbk.org\/en\/#website","url":"https:\/\/csbk.org\/en\/","name":"Cserk\u00e9sz Bar\u00e1tok K\u00f6re","description":"American Hungarian Friends of Scouting","publisher":{"@id":"https:\/\/csbk.org\/en\/#organization"},"potentialAction":[{"@type":"SearchAction","target":{"@type":"EntryPoint","urlTemplate":"https:\/\/csbk.org\/en\/?s={search_term_string}"},"query-input":{"@type":"PropertyValueSpecification","valueRequired":true,"valueName":"search_term_string"}}],"inLanguage":"en-US"},{"@type":"Organization","@id":"https:\/\/csbk.org\/en\/#organization","name":"Cserk\u00e9sz Bar\u00e1tok K\u00f6re","url":"https:\/\/csbk.org\/en\/","logo":{"@type":"ImageObject","inLanguage":"en-US","@id":"https:\/\/csbk.org\/en\/#\/schema\/logo\/image\/","url":"https:\/\/csbk.org\/wp-content\/uploads\/2018\/12\/CSBK-WEB-Fejlec2.jpg","contentUrl":"https:\/\/csbk.org\/wp-content\/uploads\/2018\/12\/CSBK-WEB-Fejlec2.jpg","width":1200,"height":190,"caption":"Cserk\u00e9sz Bar\u00e1tok K\u00f6re"},"image":{"@id":"https:\/\/csbk.org\/en\/#\/schema\/logo\/image\/"},"sameAs":["https:\/\/www.facebook.com\/profile.php?id=100064848181786"]}]}},"jetpack_sharing_enabled":true,"jetpack_shortlink":"https:\/\/wp.me\/P7e135-Z3","_links":{"self":[{"href":"https:\/\/csbk.org\/en\/wp-json\/wp\/v2\/pages\/3785","targetHints":{"allow":["GET"]}}],"collection":[{"href":"https:\/\/csbk.org\/en\/wp-json\/wp\/v2\/pages"}],"about":[{"href":"https:\/\/csbk.org\/en\/wp-json\/wp\/v2\/types\/page"}],"author":[{"embeddable":true,"href":"https:\/\/csbk.org\/en\/wp-json\/wp\/v2\/users\/3"}],"replies":[{"embeddable":true,"href":"https:\/\/csbk.org\/en\/wp-json\/wp\/v2\/comments?post=3785"}],"version-history":[{"count":13,"href":"https:\/\/csbk.org\/en\/wp-json\/wp\/v2\/pages\/3785\/revisions"}],"predecessor-version":[{"id":6885,"href":"https:\/\/csbk.org\/en\/wp-json\/wp\/v2\/pages\/3785\/revisions\/6885"}],"wp:featuredmedia":[{"embeddable":true,"href":"https:\/\/csbk.org\/en\/wp-json\/wp\/v2\/media\/6883"}],"wp:attachment":[{"href":"https:\/\/csbk.org\/en\/wp-json\/wp\/v2\/media?parent=3785"}],"curies":[{"name":"wp","href":"https:\/\/api.w.org\/{rel}","templated":true}]}}