{"id":403,"date":"2012-02-01T03:13:07","date_gmt":"2012-02-01T08:13:07","guid":{"rendered":"http:\/\/www.csbk.org\/?page_id=403"},"modified":"2026-02-17T20:34:15","modified_gmt":"2026-02-18T01:34:15","slug":"newsletter","status":"publish","type":"page","link":"https:\/\/csbk.org\/en\/newsletter\/","title":{"rendered":"Newsletter"},"content":{"rendered":"<p><a href=\"http:\/\/csbk.org\/wp-content\/uploads\/2012\/07\/JM-masthead-for-web.png\"><img decoding=\"async\" class=\"aligncenter wp-image-1612 size-full\" style=\"width: 508px; height: 122px;\" src=\"http:\/\/csbk.org\/wp-content\/uploads\/2012\/07\/JM-masthead-for-web.png\" alt=\"JM masthead for web\" width=\"1050\" height=\"250\" srcset=\"https:\/\/csbk.org\/wp-content\/uploads\/2012\/07\/JM-masthead-for-web-200x48.png 200w, https:\/\/csbk.org\/wp-content\/uploads\/2012\/07\/JM-masthead-for-web-300x71.png 300w, https:\/\/csbk.org\/wp-content\/uploads\/2012\/07\/JM-masthead-for-web-400x95.png 400w, https:\/\/csbk.org\/wp-content\/uploads\/2012\/07\/JM-masthead-for-web-600x143.png 600w, https:\/\/csbk.org\/wp-content\/uploads\/2012\/07\/JM-masthead-for-web-800x190.png 800w, https:\/\/csbk.org\/wp-content\/uploads\/2012\/07\/JM-masthead-for-web-1024x244.png 1024w, https:\/\/csbk.org\/wp-content\/uploads\/2012\/07\/JM-masthead-for-web.png 1050w\" sizes=\"(max-width: 1050px) 100vw, 1050px\" \/><\/a><\/p>\n<h2><span style=\"color: #008000;\">The <span style=\"text-decoration: underline;\"><em>J\u00f3 munk\u00e1t!<\/em><\/span> is the AHFS&#8217;s and the Cleveland Hungarian scouts&#8217; newsletter. Now published twice a year.<\/span><\/h2>\n<p><strong><span style=\"color: #ff0000;\">Click on the\u00a0<span style=\"text-decoration: underline;\">date <\/span>to see the <em>JM!<\/em> newsletter. Newsletters are in Hungarian only.<\/span><\/strong><\/p>\n<h3><span style=\"color: #0000ff;\"><a style=\"color: #0000ff;\" href=\"https:\/\/csbk.org\/wp-content\/uploads\/2026\/02\/JoMunkat-2026-Tel.pdf\" target=\"_blank\" rel=\"noopener\"><strong>2026. Winter.<\/strong><\/a><\/span><\/h3>\n<h3><strong><span style=\"color: #0000ff;\"><a style=\"color: #0000ff;\" href=\"https:\/\/csbk.org\/wp-content\/uploads\/2025\/07\/JoMunkat-2025-Nyar.pdf\">2025. Summer.<\/a><\/span><\/strong><\/h3>\n<h3><span style=\"color: #0000ff;\"><strong><a style=\"color: #0000ff;\" href=\"https:\/\/csbk.org\/wp-content\/uploads\/2025\/02\/JoMunkat-2025-Tel-Final.pdf\" target=\"_blank\" rel=\"noopener\">2025. Winter.<\/a><\/strong><\/span><\/h3>\n<h3 class=\"fusion-responsive-typography-calculated\" data-fontsize=\"16\" data-lineheight=\"24px\"><strong><a href=\"https:\/\/csbk.org\/wp-content\/uploads\/2024\/08\/JoMunkat-2024-Nyar-1.pdf\" target=\"_blank\" rel=\"noopener\"><span style=\"color: #0000ff;\">2024. Summer.<\/span><\/a><\/strong><\/h3>\n<h3><span style=\"color: #0000ff;\"><strong><a style=\"color: #0000ff;\" href=\"https:\/\/csbk.org\/wp-content\/uploads\/2024\/02\/JoMunkat-2024-tel-Final.pdf\" target=\"_blank\" rel=\"noopener\">2024. Winter.<\/a><\/strong><\/span><\/h3>\n<h3><strong><span style=\"color: #0000ff;\"><a style=\"color: #0000ff;\" href=\"https:\/\/csbk.org\/wp-content\/uploads\/2023\/07\/JoMunkat-2023-Nyar.pdf\">2023. Summer.<\/a><\/span><\/strong><\/h3>\n<h3><span style=\"color: #0000ff;\"><a style=\"color: #0000ff;\" href=\"https:\/\/csbk.org\/wp-content\/uploads\/2023\/03\/JoMunkat-2023-Tel.pdf\"><strong>2023. Winter.<\/strong><\/a><\/span><\/h3>\n<h3><a href=\"https:\/\/csbk.org\/wp-content\/uploads\/2022\/07\/JoMunkat-2022-Nyar.pdf\"><span style=\"color: #0000ff;\"><strong>2022. Summer.<\/strong><\/span><\/a><\/h3>\n<h3><a href=\"https:\/\/csbk.org\/wp-content\/uploads\/2022\/03\/JoMunkat-2022-Tel-FINAL.pdf\" target=\"_blank\" rel=\"noopener\"><strong><span style=\"color: #0000ff;\">2022. Winter.<\/span><\/strong><\/a><\/h3>\n<h3><strong><span style=\"color: #0000ff;\"><a style=\"color: #0000ff;\" href=\"https:\/\/csbk.org\/wp-content\/uploads\/2021\/07\/JoMunkat-2021-Nyar-FINAL.pdf\">2021. Summer.<\/a><\/span><\/strong><\/h3>\n<h3><strong><a href=\"https:\/\/csbk.org\/wp-content\/uploads\/2021\/03\/JoMunkat-2021-Tel-FINAL.pdf\"><span style=\"color: #0000ff;\">2021. Winter.<\/span><\/a><\/strong><\/h3>\n<h3><strong><a style=\"color: #0000ff;\" href=\"https:\/\/csbk.org\/wp-content\/uploads\/2020\/06\/JoMunkat-2020-nyar-FINAL.pdf\">2020. Summer.<\/a><\/strong><\/h3>\n<h3><strong><a href=\"https:\/\/csbk.org\/wp-content\/uploads\/2020\/02\/JoMunkat-2020-tel_FINAL_Februar-2..pdf\"><span style=\"color: #0000ff;\">2020. Winter.<\/span><\/a><\/strong><\/h3>\n<h3><strong><a href=\"https:\/\/csbk.org\/wp-content\/uploads\/2019\/09\/JoMunkat-2019-nyar-FINAL.pdf\"><span style=\"color: #0000ff;\">2019. Summer.<\/span><\/a><\/strong><\/h3>\n<h3><span style=\"color: #0000ff;\"><strong><a style=\"color: #0000ff;\" href=\"https:\/\/csbk.org\/wp-content\/uploads\/2019\/02\/JoMunkat-2019-Tel-FINAL.pdf\">2019. Winter.<\/a><\/strong><\/span><\/h3>\n<h3><strong><span style=\"color: #0000ff;\"><a style=\"color: #0000ff;\" href=\"http:\/\/csbk.org\/wp-content\/uploads\/2018\/07\/JoMunkat-2018-Nyar-FINAL.pdf\">2018. Summer.<\/a><\/span><\/strong><\/h3>\n<h3><strong><a href=\"http:\/\/csbk.org\/wp-content\/uploads\/2018\/02\/JoMunkat-2018-Tel-FINAL.pdf\"><span style=\"color: #0000ff;\">2018. Winter.<\/span><\/a><\/strong><\/h3>\n<h3><strong><a href=\"http:\/\/csbk.org\/wp-content\/uploads\/2012\/07\/JoMunkat-2017-Nyar-FINAL.pdf\"><span style=\"color: #0000ff;\">2017.\u00a0Summer.<\/span><\/a><\/strong><\/h3>\n<h3><strong><span style=\"color: #0000ff;\"><a style=\"color: #0000ff;\" href=\"http:\/\/csbk.org\/wp-content\/uploads\/2012\/07\/JoMunkat-2017-Tel-final.pdf\">2017. Winter.<\/a><\/span><\/strong><\/h3>\n<h3><strong><a href=\"http:\/\/csbk.org\/wp-content\/uploads\/2012\/07\/JoMunkat-2016-Nyar_FINALv2.pdf\" target=\"_blank\" rel=\"noopener noreferrer\"><span style=\"color: #0000ff;\">2016. Summer.<\/span><\/a><\/strong><\/h3>\n<h3><strong><span style=\"color: #0000ff;\"><a style=\"color: #0000ff;\" href=\"http:\/\/csbk.org\/wp-content\/uploads\/2012\/07\/JoMunkat-2016-Winter-FINAL-1.pdf\">2016. Winter.<\/a><\/span><\/strong><\/h3>\n<h3><strong><span style=\"color: #0000ff;\"><a href=\"http:\/\/www.csbk.org\/wp-content\/uploads\/2012\/07\/JoMunkat-2015-nyar1.pdf\"><span style=\"color: #0000ff;\">2015. Summer.<\/span><\/a><\/span><\/strong><\/h3>\n<h3><strong><span style=\"color: #0000ff;\"><a href=\"http:\/\/www.csbk.org\/wp-content\/uploads\/2012\/07\/JoMunkat_2015_Tavasz_FINAL_compressed.pdf\"><span style=\"color: #0000ff;\">2015. Spring.<\/span><\/a><\/span><\/strong><\/h3>\n<h3><strong><span style=\"color: #0000ff;\"><a href=\"http:\/\/www.csbk.org\/wp-content\/uploads\/2012\/07\/JoMunkat-2014-Fall-x.pdf\"><span style=\"color: #0000ff;\">2014. Fall.<\/span><\/a><\/span><\/strong><\/h3>\n<h3><strong><span style=\"color: #0000ff;\"><a href=\"http:\/\/www.csbk.org\/wp-content\/uploads\/2012\/07\/JoMunkat_2013_Fall_Comp_for_WEB.pdf\"><span style=\"color: #0000ff;\">2013. October.<\/span><\/a><\/span><\/strong><\/h3>\n<h3><strong><span style=\"color: #0000ff;\"><a href=\"http:\/\/www.csbk.org\/wp-content\/uploads\/2012\/02\/JoMunkatPub-2013aprComp.pdf\"><span style=\"color: #0000ff;\">2013. April.<\/span><\/a><\/span><\/strong><\/h3>\n<h3><strong><span style=\"color: #0000ff;\"><a href=\"http:\/\/www.csbk.org\/wp-content\/uploads\/2012\/07\/JoMunkatPub-2012aug.pdf\"><span style=\"color: #0000ff;\">2012. August.<\/span><\/a><\/span><\/strong><\/h3>\n<h3><strong><span style=\"color: #0000ff;\"><a href=\"http:\/\/www.csbk.org\/wp-content\/uploads\/2012\/07\/JoMunkatPub-2012febComp..pdf\"><span style=\"color: #0000ff;\">2012. February.<\/span><\/a><\/span><\/strong><\/h3>\n<h3><strong><span style=\"color: #0000ff;\"><a href=\"http:\/\/www.csbk.org\/wp-content\/uploads\/2012\/07\/JoMunkatPub-2011Comp.pdf\"><span style=\"color: #0000ff;\">2011. August.<\/span><\/a><\/span><\/strong><\/h3>\n<h3><strong><span style=\"color: #0000ff;\"><a href=\"http:\/\/www.csbk.org\/wp-content\/uploads\/2012\/07\/JoMunkatPub-2010Comp.pdf\"><span style=\"color: #0000ff;\">2010. August.<\/span><\/a><\/span><\/strong><\/h3>\n<p>&nbsp;<\/p>\n<div id=\"malwarebytes-root\"><\/div>\n","protected":false},"excerpt":{"rendered":"<p>The J\u00f3 munk\u00e1t! is the AHFS&#8217;s and the Cleveland Hungarian scouts&#8217; newsletter. Now published twice a year. Click on the\u00a0date to see  [&#8230;]<\/p>\n","protected":false},"author":3,"featured_media":0,"parent":0,"menu_order":0,"comment_status":"open","ping_status":"closed","template":"100-width.php","meta":{"jetpack_post_was_ever_published":false,"footnotes":""},"class_list":["post-403","page","type-page","status-publish","hentry"],"yoast_head":"<!-- This site is optimized with the Yoast SEO plugin v27.4 - https:\/\/yoast.com\/product\/yoast-seo-wordpress\/ -->\n<title>Newsletter - Cserk\u00e9sz Bar\u00e1tok K\u00f6re<\/title>\n<meta name=\"robots\" content=\"index, follow, max-snippet:-1, max-image-preview:large, max-video-preview:-1\" \/>\n<link rel=\"canonical\" href=\"https:\/\/csbk.org\/en\/newsletter\/\" \/>\n<meta property=\"og:locale\" content=\"en_US\" \/>\n<meta property=\"og:type\" content=\"article\" \/>\n<meta property=\"og:title\" content=\"Newsletter - Cserk\u00e9sz Bar\u00e1tok K\u00f6re\" \/>\n<meta property=\"og:description\" content=\"The J\u00f3 munk\u00e1t! is the AHFS&#8217;s and the Cleveland Hungarian scouts&#8217; newsletter. Now published twice a year. Click on the\u00a0date to see [...]\" \/>\n<meta property=\"og:url\" content=\"https:\/\/csbk.org\/en\/newsletter\/\" \/>\n<meta property=\"og:site_name\" content=\"Cserk\u00e9sz Bar\u00e1tok K\u00f6re\" \/>\n<meta property=\"article:publisher\" content=\"https:\/\/www.facebook.com\/profile.php?id=100064848181786\" \/>\n<meta property=\"article:modified_time\" content=\"2026-02-18T01:34:15+00:00\" \/>\n<meta property=\"og:image\" content=\"https:\/\/csbk.org\/wp-content\/uploads\/2012\/07\/JM-masthead-for-web.png\" \/>\n\t<meta property=\"og:image:width\" content=\"1050\" \/>\n\t<meta property=\"og:image:height\" content=\"250\" \/>\n\t<meta property=\"og:image:type\" content=\"image\/png\" \/>\n<meta name=\"twitter:card\" content=\"summary_large_image\" \/>\n<meta name=\"twitter:label1\" content=\"Est. reading time\" \/>\n\t<meta name=\"twitter:data1\" content=\"1 minute\" \/>\n<script type=\"application\/ld+json\" class=\"yoast-schema-graph\">{\"@context\":\"https:\\\/\\\/schema.org\",\"@graph\":[{\"@type\":\"WebPage\",\"@id\":\"https:\\\/\\\/csbk.org\\\/en\\\/newsletter\\\/\",\"url\":\"https:\\\/\\\/csbk.org\\\/en\\\/newsletter\\\/\",\"name\":\"Newsletter - Cserk\u00e9sz Bar\u00e1tok K\u00f6re\",\"isPartOf\":{\"@id\":\"https:\\\/\\\/csbk.org\\\/en\\\/#website\"},\"primaryImageOfPage\":{\"@id\":\"https:\\\/\\\/csbk.org\\\/en\\\/newsletter\\\/#primaryimage\"},\"image\":{\"@id\":\"https:\\\/\\\/csbk.org\\\/en\\\/newsletter\\\/#primaryimage\"},\"thumbnailUrl\":\"http:\\\/\\\/csbk.org\\\/wp-content\\\/uploads\\\/2012\\\/07\\\/JM-masthead-for-web.png\",\"datePublished\":\"2012-02-01T08:13:07+00:00\",\"dateModified\":\"2026-02-18T01:34:15+00:00\",\"breadcrumb\":{\"@id\":\"https:\\\/\\\/csbk.org\\\/en\\\/newsletter\\\/#breadcrumb\"},\"inLanguage\":\"en-US\",\"potentialAction\":[{\"@type\":\"ReadAction\",\"target\":[\"https:\\\/\\\/csbk.org\\\/en\\\/newsletter\\\/\"]}]},{\"@type\":\"ImageObject\",\"inLanguage\":\"en-US\",\"@id\":\"https:\\\/\\\/csbk.org\\\/en\\\/newsletter\\\/#primaryimage\",\"url\":\"http:\\\/\\\/csbk.org\\\/wp-content\\\/uploads\\\/2012\\\/07\\\/JM-masthead-for-web.png\",\"contentUrl\":\"http:\\\/\\\/csbk.org\\\/wp-content\\\/uploads\\\/2012\\\/07\\\/JM-masthead-for-web.png\"},{\"@type\":\"BreadcrumbList\",\"@id\":\"https:\\\/\\\/csbk.org\\\/en\\\/newsletter\\\/#breadcrumb\",\"itemListElement\":[{\"@type\":\"ListItem\",\"position\":1,\"name\":\"Home\",\"item\":\"https:\\\/\\\/csbk.org\\\/en\\\/\"},{\"@type\":\"ListItem\",\"position\":2,\"name\":\"Newsletter\"}]},{\"@type\":\"WebSite\",\"@id\":\"https:\\\/\\\/csbk.org\\\/en\\\/#website\",\"url\":\"https:\\\/\\\/csbk.org\\\/en\\\/\",\"name\":\"Cserk\u00e9sz Bar\u00e1tok K\u00f6re\",\"description\":\"American Hungarian Friends of Scouting\",\"publisher\":{\"@id\":\"https:\\\/\\\/csbk.org\\\/en\\\/#organization\"},\"potentialAction\":[{\"@type\":\"SearchAction\",\"target\":{\"@type\":\"EntryPoint\",\"urlTemplate\":\"https:\\\/\\\/csbk.org\\\/en\\\/?s={search_term_string}\"},\"query-input\":{\"@type\":\"PropertyValueSpecification\",\"valueRequired\":true,\"valueName\":\"search_term_string\"}}],\"inLanguage\":\"en-US\"},{\"@type\":\"Organization\",\"@id\":\"https:\\\/\\\/csbk.org\\\/en\\\/#organization\",\"name\":\"Cserk\u00e9sz Bar\u00e1tok K\u00f6re\",\"url\":\"https:\\\/\\\/csbk.org\\\/en\\\/\",\"logo\":{\"@type\":\"ImageObject\",\"inLanguage\":\"en-US\",\"@id\":\"https:\\\/\\\/csbk.org\\\/en\\\/#\\\/schema\\\/logo\\\/image\\\/\",\"url\":\"https:\\\/\\\/csbk.org\\\/wp-content\\\/uploads\\\/2018\\\/12\\\/CSBK-WEB-Fejlec2.jpg\",\"contentUrl\":\"https:\\\/\\\/csbk.org\\\/wp-content\\\/uploads\\\/2018\\\/12\\\/CSBK-WEB-Fejlec2.jpg\",\"width\":1200,\"height\":190,\"caption\":\"Cserk\u00e9sz Bar\u00e1tok K\u00f6re\"},\"image\":{\"@id\":\"https:\\\/\\\/csbk.org\\\/en\\\/#\\\/schema\\\/logo\\\/image\\\/\"},\"sameAs\":[\"https:\\\/\\\/www.facebook.com\\\/profile.php?id=100064848181786\"]}]}<\/script>\n<!-- \/ Yoast SEO plugin. -->","yoast_head_json":{"title":"Newsletter - Cserk\u00e9sz Bar\u00e1tok K\u00f6re","robots":{"index":"index","follow":"follow","max-snippet":"max-snippet:-1","max-image-preview":"max-image-preview:large","max-video-preview":"max-video-preview:-1"},"canonical":"https:\/\/csbk.org\/en\/newsletter\/","og_locale":"en_US","og_type":"article","og_title":"Newsletter - Cserk\u00e9sz Bar\u00e1tok K\u00f6re","og_description":"The J\u00f3 munk\u00e1t! is the AHFS&#8217;s and the Cleveland Hungarian scouts&#8217; newsletter. Now published twice a year. Click on the\u00a0date to see [...]","og_url":"https:\/\/csbk.org\/en\/newsletter\/","og_site_name":"Cserk\u00e9sz Bar\u00e1tok K\u00f6re","article_publisher":"https:\/\/www.facebook.com\/profile.php?id=100064848181786","article_modified_time":"2026-02-18T01:34:15+00:00","og_image":[{"width":1050,"height":250,"url":"https:\/\/csbk.org\/wp-content\/uploads\/2012\/07\/JM-masthead-for-web.png","type":"image\/png"}],"twitter_card":"summary_large_image","twitter_misc":{"Est. reading time":"1 minute"},"schema":{"@context":"https:\/\/schema.org","@graph":[{"@type":"WebPage","@id":"https:\/\/csbk.org\/en\/newsletter\/","url":"https:\/\/csbk.org\/en\/newsletter\/","name":"Newsletter - Cserk\u00e9sz Bar\u00e1tok K\u00f6re","isPartOf":{"@id":"https:\/\/csbk.org\/en\/#website"},"primaryImageOfPage":{"@id":"https:\/\/csbk.org\/en\/newsletter\/#primaryimage"},"image":{"@id":"https:\/\/csbk.org\/en\/newsletter\/#primaryimage"},"thumbnailUrl":"http:\/\/csbk.org\/wp-content\/uploads\/2012\/07\/JM-masthead-for-web.png","datePublished":"2012-02-01T08:13:07+00:00","dateModified":"2026-02-18T01:34:15+00:00","breadcrumb":{"@id":"https:\/\/csbk.org\/en\/newsletter\/#breadcrumb"},"inLanguage":"en-US","potentialAction":[{"@type":"ReadAction","target":["https:\/\/csbk.org\/en\/newsletter\/"]}]},{"@type":"ImageObject","inLanguage":"en-US","@id":"https:\/\/csbk.org\/en\/newsletter\/#primaryimage","url":"http:\/\/csbk.org\/wp-content\/uploads\/2012\/07\/JM-masthead-for-web.png","contentUrl":"http:\/\/csbk.org\/wp-content\/uploads\/2012\/07\/JM-masthead-for-web.png"},{"@type":"BreadcrumbList","@id":"https:\/\/csbk.org\/en\/newsletter\/#breadcrumb","itemListElement":[{"@type":"ListItem","position":1,"name":"Home","item":"https:\/\/csbk.org\/en\/"},{"@type":"ListItem","position":2,"name":"Newsletter"}]},{"@type":"WebSite","@id":"https:\/\/csbk.org\/en\/#website","url":"https:\/\/csbk.org\/en\/","name":"Cserk\u00e9sz Bar\u00e1tok K\u00f6re","description":"American Hungarian Friends of Scouting","publisher":{"@id":"https:\/\/csbk.org\/en\/#organization"},"potentialAction":[{"@type":"SearchAction","target":{"@type":"EntryPoint","urlTemplate":"https:\/\/csbk.org\/en\/?s={search_term_string}"},"query-input":{"@type":"PropertyValueSpecification","valueRequired":true,"valueName":"search_term_string"}}],"inLanguage":"en-US"},{"@type":"Organization","@id":"https:\/\/csbk.org\/en\/#organization","name":"Cserk\u00e9sz Bar\u00e1tok K\u00f6re","url":"https:\/\/csbk.org\/en\/","logo":{"@type":"ImageObject","inLanguage":"en-US","@id":"https:\/\/csbk.org\/en\/#\/schema\/logo\/image\/","url":"https:\/\/csbk.org\/wp-content\/uploads\/2018\/12\/CSBK-WEB-Fejlec2.jpg","contentUrl":"https:\/\/csbk.org\/wp-content\/uploads\/2018\/12\/CSBK-WEB-Fejlec2.jpg","width":1200,"height":190,"caption":"Cserk\u00e9sz Bar\u00e1tok K\u00f6re"},"image":{"@id":"https:\/\/csbk.org\/en\/#\/schema\/logo\/image\/"},"sameAs":["https:\/\/www.facebook.com\/profile.php?id=100064848181786"]}]}},"jetpack_sharing_enabled":true,"jetpack_shortlink":"https:\/\/wp.me\/P7e135-6v","_links":{"self":[{"href":"https:\/\/csbk.org\/en\/wp-json\/wp\/v2\/pages\/403","targetHints":{"allow":["GET"]}}],"collection":[{"href":"https:\/\/csbk.org\/en\/wp-json\/wp\/v2\/pages"}],"about":[{"href":"https:\/\/csbk.org\/en\/wp-json\/wp\/v2\/types\/page"}],"author":[{"embeddable":true,"href":"https:\/\/csbk.org\/en\/wp-json\/wp\/v2\/users\/3"}],"replies":[{"embeddable":true,"href":"https:\/\/csbk.org\/en\/wp-json\/wp\/v2\/comments?post=403"}],"version-history":[{"count":25,"href":"https:\/\/csbk.org\/en\/wp-json\/wp\/v2\/pages\/403\/revisions"}],"predecessor-version":[{"id":6844,"href":"https:\/\/csbk.org\/en\/wp-json\/wp\/v2\/pages\/403\/revisions\/6844"}],"wp:attachment":[{"href":"https:\/\/csbk.org\/en\/wp-json\/wp\/v2\/media?parent=403"}],"curies":[{"name":"wp","href":"https:\/\/api.w.org\/{rel}","templated":true}]}}