{"id":5,"date":"2011-04-18T22:16:14","date_gmt":"2011-04-19T02:16:14","guid":{"rendered":"http:\/\/www.csbk.org\/?page_id=5"},"modified":"2026-02-08T17:47:59","modified_gmt":"2026-02-08T22:47:59","slug":"addresscontact","status":"publish","type":"page","link":"https:\/\/csbk.org\/en\/addresscontact\/","title":{"rendered":"Address\/Contact"},"content":{"rendered":"<p style=\"text-align: center;\"><span style=\"color: #008000;\"><em>If you would like\u00a0to send us\u00a0a donation or other correspondence,<br \/>\nplease use the following address:<\/em><\/span><\/p>\n<p style=\"text-align: center;\">Dr. Steve Turoczi, president<\/p>\n<p style=\"text-align: center;\"><strong>American Hungarian\u00a0Friends of Scouting<\/strong><br \/>\n<strong>P.O. Box 6783<\/strong><br \/>\n<strong>Cleveland, OH 44101<\/strong><\/p>\n<p style=\"text-align: center;\"><span style=\"color: #008000;\">or email us at:<\/span> \u00a0<span style=\"color: #0000ff;\"><a href=\"mailto:elnok@csbk.org\" target=\"_blank\" rel=\"noopener\"><span style=\"color: #0000ff;\">elnok@csbk.org<\/span><\/a><\/span><\/p>\n<p style=\"text-align: center;\"><span style=\"color: #ff6600;\">The Webmaster is Mike Horvath.\u00a0 Contact email address is:\u00a0 <span style=\"color: #0000ff;\"><a href=\"mailto:mrhorvath@aol.com\"><span style=\"color: #0000ff;\">mrhorvath@aol.com<\/span><\/a><\/span><\/span><\/p>\n<h5 style=\"text-align: center;\"><\/h5>\n","protected":false},"excerpt":{"rendered":"<p>If you would like\u00a0to send us\u00a0a donation or other correspondence, please use the following address: Dr. Steve Turoczi, president American Hungarian\u00a0Friends of  [&#8230;]<\/p>\n","protected":false},"author":3,"featured_media":0,"parent":0,"menu_order":0,"comment_status":"open","ping_status":"closed","template":"100-width.php","meta":{"jetpack_post_was_ever_published":false,"footnotes":""},"class_list":["post-5","page","type-page","status-publish","hentry"],"yoast_head":"<!-- This site is optimized with the Yoast SEO plugin v27.4 - https:\/\/yoast.com\/product\/yoast-seo-wordpress\/ -->\n<title>Address\/Contact - Cserk\u00e9sz Bar\u00e1tok K\u00f6re<\/title>\n<meta name=\"robots\" content=\"index, follow, max-snippet:-1, max-image-preview:large, max-video-preview:-1\" \/>\n<link rel=\"canonical\" href=\"https:\/\/csbk.org\/en\/addresscontact\/\" \/>\n<meta property=\"og:locale\" content=\"en_US\" \/>\n<meta property=\"og:type\" content=\"article\" \/>\n<meta property=\"og:title\" content=\"Address\/Contact - Cserk\u00e9sz Bar\u00e1tok K\u00f6re\" \/>\n<meta property=\"og:description\" content=\"If you would like\u00a0to send us\u00a0a donation or other correspondence, please use the following address: Dr. Steve Turoczi, president American Hungarian\u00a0Friends of [...]\" \/>\n<meta property=\"og:url\" content=\"https:\/\/csbk.org\/en\/addresscontact\/\" \/>\n<meta property=\"og:site_name\" content=\"Cserk\u00e9sz Bar\u00e1tok K\u00f6re\" \/>\n<meta property=\"article:publisher\" content=\"https:\/\/www.facebook.com\/profile.php?id=100064848181786\" \/>\n<meta property=\"article:modified_time\" content=\"2026-02-08T22:47:59+00:00\" \/>\n<meta name=\"twitter:card\" content=\"summary_large_image\" \/>\n<meta name=\"twitter:label1\" content=\"Est. reading time\" \/>\n\t<meta name=\"twitter:data1\" content=\"1 minute\" \/>\n<script type=\"application\/ld+json\" class=\"yoast-schema-graph\">{\"@context\":\"https:\\\/\\\/schema.org\",\"@graph\":[{\"@type\":\"WebPage\",\"@id\":\"https:\\\/\\\/csbk.org\\\/en\\\/addresscontact\\\/\",\"url\":\"https:\\\/\\\/csbk.org\\\/en\\\/addresscontact\\\/\",\"name\":\"Address\\\/Contact - Cserk\u00e9sz Bar\u00e1tok K\u00f6re\",\"isPartOf\":{\"@id\":\"https:\\\/\\\/csbk.org\\\/en\\\/#website\"},\"datePublished\":\"2011-04-19T02:16:14+00:00\",\"dateModified\":\"2026-02-08T22:47:59+00:00\",\"breadcrumb\":{\"@id\":\"https:\\\/\\\/csbk.org\\\/en\\\/addresscontact\\\/#breadcrumb\"},\"inLanguage\":\"en-US\",\"potentialAction\":[{\"@type\":\"ReadAction\",\"target\":[\"https:\\\/\\\/csbk.org\\\/en\\\/addresscontact\\\/\"]}]},{\"@type\":\"BreadcrumbList\",\"@id\":\"https:\\\/\\\/csbk.org\\\/en\\\/addresscontact\\\/#breadcrumb\",\"itemListElement\":[{\"@type\":\"ListItem\",\"position\":1,\"name\":\"Home\",\"item\":\"https:\\\/\\\/csbk.org\\\/en\\\/\"},{\"@type\":\"ListItem\",\"position\":2,\"name\":\"Address\\\/Contact\"}]},{\"@type\":\"WebSite\",\"@id\":\"https:\\\/\\\/csbk.org\\\/en\\\/#website\",\"url\":\"https:\\\/\\\/csbk.org\\\/en\\\/\",\"name\":\"Cserk\u00e9sz Bar\u00e1tok K\u00f6re\",\"description\":\"American Hungarian Friends of Scouting\",\"publisher\":{\"@id\":\"https:\\\/\\\/csbk.org\\\/en\\\/#organization\"},\"potentialAction\":[{\"@type\":\"SearchAction\",\"target\":{\"@type\":\"EntryPoint\",\"urlTemplate\":\"https:\\\/\\\/csbk.org\\\/en\\\/?s={search_term_string}\"},\"query-input\":{\"@type\":\"PropertyValueSpecification\",\"valueRequired\":true,\"valueName\":\"search_term_string\"}}],\"inLanguage\":\"en-US\"},{\"@type\":\"Organization\",\"@id\":\"https:\\\/\\\/csbk.org\\\/en\\\/#organization\",\"name\":\"Cserk\u00e9sz Bar\u00e1tok K\u00f6re\",\"url\":\"https:\\\/\\\/csbk.org\\\/en\\\/\",\"logo\":{\"@type\":\"ImageObject\",\"inLanguage\":\"en-US\",\"@id\":\"https:\\\/\\\/csbk.org\\\/en\\\/#\\\/schema\\\/logo\\\/image\\\/\",\"url\":\"https:\\\/\\\/csbk.org\\\/wp-content\\\/uploads\\\/2018\\\/12\\\/CSBK-WEB-Fejlec2.jpg\",\"contentUrl\":\"https:\\\/\\\/csbk.org\\\/wp-content\\\/uploads\\\/2018\\\/12\\\/CSBK-WEB-Fejlec2.jpg\",\"width\":1200,\"height\":190,\"caption\":\"Cserk\u00e9sz Bar\u00e1tok K\u00f6re\"},\"image\":{\"@id\":\"https:\\\/\\\/csbk.org\\\/en\\\/#\\\/schema\\\/logo\\\/image\\\/\"},\"sameAs\":[\"https:\\\/\\\/www.facebook.com\\\/profile.php?id=100064848181786\"]}]}<\/script>\n<!-- \/ Yoast SEO plugin. -->","yoast_head_json":{"title":"Address\/Contact - Cserk\u00e9sz Bar\u00e1tok K\u00f6re","robots":{"index":"index","follow":"follow","max-snippet":"max-snippet:-1","max-image-preview":"max-image-preview:large","max-video-preview":"max-video-preview:-1"},"canonical":"https:\/\/csbk.org\/en\/addresscontact\/","og_locale":"en_US","og_type":"article","og_title":"Address\/Contact - Cserk\u00e9sz Bar\u00e1tok K\u00f6re","og_description":"If you would like\u00a0to send us\u00a0a donation or other correspondence, please use the following address: Dr. Steve Turoczi, president American Hungarian\u00a0Friends of [...]","og_url":"https:\/\/csbk.org\/en\/addresscontact\/","og_site_name":"Cserk\u00e9sz Bar\u00e1tok K\u00f6re","article_publisher":"https:\/\/www.facebook.com\/profile.php?id=100064848181786","article_modified_time":"2026-02-08T22:47:59+00:00","twitter_card":"summary_large_image","twitter_misc":{"Est. reading time":"1 minute"},"schema":{"@context":"https:\/\/schema.org","@graph":[{"@type":"WebPage","@id":"https:\/\/csbk.org\/en\/addresscontact\/","url":"https:\/\/csbk.org\/en\/addresscontact\/","name":"Address\/Contact - Cserk\u00e9sz Bar\u00e1tok K\u00f6re","isPartOf":{"@id":"https:\/\/csbk.org\/en\/#website"},"datePublished":"2011-04-19T02:16:14+00:00","dateModified":"2026-02-08T22:47:59+00:00","breadcrumb":{"@id":"https:\/\/csbk.org\/en\/addresscontact\/#breadcrumb"},"inLanguage":"en-US","potentialAction":[{"@type":"ReadAction","target":["https:\/\/csbk.org\/en\/addresscontact\/"]}]},{"@type":"BreadcrumbList","@id":"https:\/\/csbk.org\/en\/addresscontact\/#breadcrumb","itemListElement":[{"@type":"ListItem","position":1,"name":"Home","item":"https:\/\/csbk.org\/en\/"},{"@type":"ListItem","position":2,"name":"Address\/Contact"}]},{"@type":"WebSite","@id":"https:\/\/csbk.org\/en\/#website","url":"https:\/\/csbk.org\/en\/","name":"Cserk\u00e9sz Bar\u00e1tok K\u00f6re","description":"American Hungarian Friends of Scouting","publisher":{"@id":"https:\/\/csbk.org\/en\/#organization"},"potentialAction":[{"@type":"SearchAction","target":{"@type":"EntryPoint","urlTemplate":"https:\/\/csbk.org\/en\/?s={search_term_string}"},"query-input":{"@type":"PropertyValueSpecification","valueRequired":true,"valueName":"search_term_string"}}],"inLanguage":"en-US"},{"@type":"Organization","@id":"https:\/\/csbk.org\/en\/#organization","name":"Cserk\u00e9sz Bar\u00e1tok K\u00f6re","url":"https:\/\/csbk.org\/en\/","logo":{"@type":"ImageObject","inLanguage":"en-US","@id":"https:\/\/csbk.org\/en\/#\/schema\/logo\/image\/","url":"https:\/\/csbk.org\/wp-content\/uploads\/2018\/12\/CSBK-WEB-Fejlec2.jpg","contentUrl":"https:\/\/csbk.org\/wp-content\/uploads\/2018\/12\/CSBK-WEB-Fejlec2.jpg","width":1200,"height":190,"caption":"Cserk\u00e9sz Bar\u00e1tok K\u00f6re"},"image":{"@id":"https:\/\/csbk.org\/en\/#\/schema\/logo\/image\/"},"sameAs":["https:\/\/www.facebook.com\/profile.php?id=100064848181786"]}]}},"jetpack_sharing_enabled":true,"jetpack_shortlink":"https:\/\/wp.me\/P7e135-5","_links":{"self":[{"href":"https:\/\/csbk.org\/en\/wp-json\/wp\/v2\/pages\/5","targetHints":{"allow":["GET"]}}],"collection":[{"href":"https:\/\/csbk.org\/en\/wp-json\/wp\/v2\/pages"}],"about":[{"href":"https:\/\/csbk.org\/en\/wp-json\/wp\/v2\/types\/page"}],"author":[{"embeddable":true,"href":"https:\/\/csbk.org\/en\/wp-json\/wp\/v2\/users\/3"}],"replies":[{"embeddable":true,"href":"https:\/\/csbk.org\/en\/wp-json\/wp\/v2\/comments?post=5"}],"version-history":[{"count":6,"href":"https:\/\/csbk.org\/en\/wp-json\/wp\/v2\/pages\/5\/revisions"}],"predecessor-version":[{"id":6816,"href":"https:\/\/csbk.org\/en\/wp-json\/wp\/v2\/pages\/5\/revisions\/6816"}],"wp:attachment":[{"href":"https:\/\/csbk.org\/en\/wp-json\/wp\/v2\/media?parent=5"}],"curies":[{"name":"wp","href":"https:\/\/api.w.org\/{rel}","templated":true}]}}