{"id":6144,"date":"2024-08-17T15:17:49","date_gmt":"2024-08-17T19:17:49","guid":{"rendered":"https:\/\/csbk.org\/?page_id=6144"},"modified":"2026-02-15T20:41:07","modified_gmt":"2026-02-16T01:41:07","slug":"teleki-scout-park","status":"publish","type":"page","link":"https:\/\/csbk.org\/en\/teleki-scout-park\/","title":{"rendered":"Teleki Scout Park"},"content":{"rendered":"<p><strong>TELEKI SCOUT PARK<\/strong><\/p>\n<p><strong>3498 Callender Road, Rome, Ohio, 44084 USA<\/strong><\/p>\n<p><strong>Teleki Lane, Rock Creek, Rome Township, Ohio<\/strong><\/p>\n<p>&nbsp;<\/p>\n<p><strong><a href=\"https:\/\/www.google.com\/maps\/place\/3498+Callender+Rd,+Rock+Creek,+OH+44084\/@41.6343162,-80.8884079,17z\/data=!3m1!4b1!4m6!3m5!1s0x8831814d0bfde8b5:0x6c3fde4901a8efaa!8m2!3d41.6343162!4d-80.885833!16s%2Fg%2F11h5t2b1f5?entry=ttu\" target=\"_blank\" rel=\"noopener\"><span style=\"color: #0000ff;\">Find it on a map here<\/span><\/a><\/strong><\/p>\n<p><span style=\"color: #0000ff;\"><strong><a style=\"color: #0000ff;\" href=\"https:\/\/csbk.org\/wp-content\/uploads\/2026\/02\/Teleki-Scout-Park-Overview-2026.pdf\" target=\"_blank\" rel=\"noopener\">Teleki Scout Park Overview &#8211; 2026<\/a><\/strong><\/span><\/p>\n<p><span style=\"color: #0000ff;\"><a style=\"color: #0000ff;\" href=\"https:\/\/forms.gle\/XQvrXqBwUZim2rZx5\" target=\"_blank\" rel=\"noopener\"><strong>Teleki Scout Park Waiver and Rules &#8211; 2024<\/strong><\/a><\/span> <strong>(ONLINE)<\/strong><\/p>\n<p>&nbsp;<\/p>\n<p><span style=\"text-decoration: underline;\"><span style=\"color: #008000;\"><strong>Park Directors<\/strong><\/span><\/span><\/p>\n<p><span style=\"color: #008000;\"><strong>1960 &#8211; 1962\u00a0 \u00a0 \u00a0Julius Borosdy<\/strong><\/span><\/p>\n<p style=\"text-align: left;\"><span style=\"color: #008000;\"><strong>1962 &#8211; 1972\u00a0 \u00a0 \u00a0 Steve Szappanos<\/strong><\/span><\/p>\n<p style=\"text-align: left;\"><span style=\"color: #008000;\"><strong>1972 &#8211; 1974\u00a0 \u00a0 \u00a0 Thomas Szappanos<\/strong><\/span><\/p>\n<p style=\"text-align: left;\"><span style=\"color: #008000;\"><strong>1974 &#8211; 1977\u00a0 \u00a0 \u00a0 Bank Borosdy<\/strong><\/span><\/p>\n<p style=\"text-align: left;\"><span style=\"color: #008000;\"><strong>1980 &#8211; 1988\u00a0 \u00a0 \u00a0Odon Szentkiralyi<\/strong><\/span><\/p>\n<p style=\"text-align: left;\"><span style=\"color: #008000;\"><strong>1989 &#8211; 1999\u00a0 \u00a0 \u00a0Peter Daroczy<\/strong><\/span><\/p>\n<p style=\"text-align: left;\"><span style=\"color: #008000;\"><strong>1999 &#8211; 2025\u00a0 \u00a0 Janos Szigeti<\/strong><\/span><\/p>\n<p><span style=\"color: #008000;\"><strong>2026 &#8211; today\u00a0 \u00a0Steven Graber Jr.<\/strong><\/span><\/p>\n<p>&nbsp;<\/p>\n<p><a href=\"https:\/\/csbk.org\/wp-content\/uploads\/2024\/08\/kapu-festve2-2018.jpg\"><img decoding=\"async\" class=\"alignleft wp-image-6133 size-large\" src=\"https:\/\/csbk.org\/wp-content\/uploads\/2024\/08\/kapu-festve2-2018-1024x683.jpg\" alt=\"\" width=\"1024\" height=\"683\" srcset=\"https:\/\/csbk.org\/wp-content\/uploads\/2024\/08\/kapu-festve2-2018-66x44.jpg 66w, https:\/\/csbk.org\/wp-content\/uploads\/2024\/08\/kapu-festve2-2018-200x133.jpg 200w, https:\/\/csbk.org\/wp-content\/uploads\/2024\/08\/kapu-festve2-2018-300x200.jpg 300w, https:\/\/csbk.org\/wp-content\/uploads\/2024\/08\/kapu-festve2-2018-320x214.jpg 320w, https:\/\/csbk.org\/wp-content\/uploads\/2024\/08\/kapu-festve2-2018-400x267.jpg 400w, https:\/\/csbk.org\/wp-content\/uploads\/2024\/08\/kapu-festve2-2018-600x400.jpg 600w, https:\/\/csbk.org\/wp-content\/uploads\/2024\/08\/kapu-festve2-2018-669x446.jpg 669w, https:\/\/csbk.org\/wp-content\/uploads\/2024\/08\/kapu-festve2-2018-700x467.jpg 700w, https:\/\/csbk.org\/wp-content\/uploads\/2024\/08\/kapu-festve2-2018-800x534.jpg 800w, https:\/\/csbk.org\/wp-content\/uploads\/2024\/08\/kapu-festve2-2018-1024x683.jpg 1024w, https:\/\/csbk.org\/wp-content\/uploads\/2024\/08\/kapu-festve2-2018.jpg 1046w\" sizes=\"(max-width: 1024px) 100vw, 1024px\" \/><\/a><\/p>\n","protected":false},"excerpt":{"rendered":"<p>TELEKI SCOUT PARK 3498 Callender Road, Rome, Ohio, 44084 USA Teleki Lane, Rock Creek, Rome Township, Ohio &nbsp; Find it on a  [&#8230;]<\/p>\n","protected":false},"author":3,"featured_media":0,"parent":0,"menu_order":0,"comment_status":"closed","ping_status":"closed","template":"","meta":{"jetpack_post_was_ever_published":false,"footnotes":""},"class_list":["post-6144","page","type-page","status-publish","hentry"],"yoast_head":"<!-- This site is optimized with the Yoast SEO plugin v27.4 - https:\/\/yoast.com\/product\/yoast-seo-wordpress\/ -->\n<title>Teleki Scout Park - Cserk\u00e9sz Bar\u00e1tok K\u00f6re<\/title>\n<meta name=\"robots\" content=\"index, follow, max-snippet:-1, max-image-preview:large, max-video-preview:-1\" \/>\n<link rel=\"canonical\" href=\"https:\/\/csbk.org\/en\/teleki-scout-park\/\" \/>\n<meta property=\"og:locale\" content=\"en_US\" \/>\n<meta property=\"og:type\" content=\"article\" \/>\n<meta property=\"og:title\" content=\"Teleki Scout Park - Cserk\u00e9sz Bar\u00e1tok K\u00f6re\" \/>\n<meta property=\"og:description\" content=\"TELEKI SCOUT PARK 3498 Callender Road, Rome, Ohio, 44084 USA Teleki Lane, Rock Creek, Rome Township, Ohio &nbsp; Find it on a [...]\" \/>\n<meta property=\"og:url\" content=\"https:\/\/csbk.org\/en\/teleki-scout-park\/\" \/>\n<meta property=\"og:site_name\" content=\"Cserk\u00e9sz Bar\u00e1tok K\u00f6re\" \/>\n<meta property=\"article:publisher\" content=\"https:\/\/www.facebook.com\/profile.php?id=100064848181786\" \/>\n<meta property=\"article:modified_time\" content=\"2026-02-16T01:41:07+00:00\" \/>\n<meta property=\"og:image\" content=\"https:\/\/csbk.org\/wp-content\/uploads\/2024\/08\/kapu-festve2-2018.jpg\" \/>\n\t<meta property=\"og:image:width\" content=\"1046\" \/>\n\t<meta property=\"og:image:height\" content=\"698\" \/>\n\t<meta property=\"og:image:type\" content=\"image\/jpeg\" \/>\n<meta name=\"twitter:card\" content=\"summary_large_image\" \/>\n<meta name=\"twitter:label1\" content=\"Est. reading time\" \/>\n\t<meta name=\"twitter:data1\" content=\"1 minute\" \/>\n<script type=\"application\/ld+json\" class=\"yoast-schema-graph\">{\"@context\":\"https:\\\/\\\/schema.org\",\"@graph\":[{\"@type\":\"WebPage\",\"@id\":\"https:\\\/\\\/csbk.org\\\/en\\\/teleki-scout-park\\\/\",\"url\":\"https:\\\/\\\/csbk.org\\\/en\\\/teleki-scout-park\\\/\",\"name\":\"Teleki Scout Park - Cserk\u00e9sz Bar\u00e1tok K\u00f6re\",\"isPartOf\":{\"@id\":\"https:\\\/\\\/csbk.org\\\/en\\\/#website\"},\"primaryImageOfPage\":{\"@id\":\"https:\\\/\\\/csbk.org\\\/en\\\/teleki-scout-park\\\/#primaryimage\"},\"image\":{\"@id\":\"https:\\\/\\\/csbk.org\\\/en\\\/teleki-scout-park\\\/#primaryimage\"},\"thumbnailUrl\":\"https:\\\/\\\/csbk.org\\\/wp-content\\\/uploads\\\/2024\\\/08\\\/kapu-festve2-2018-1024x683.jpg\",\"datePublished\":\"2024-08-17T19:17:49+00:00\",\"dateModified\":\"2026-02-16T01:41:07+00:00\",\"breadcrumb\":{\"@id\":\"https:\\\/\\\/csbk.org\\\/en\\\/teleki-scout-park\\\/#breadcrumb\"},\"inLanguage\":\"en-US\",\"potentialAction\":[{\"@type\":\"ReadAction\",\"target\":[\"https:\\\/\\\/csbk.org\\\/en\\\/teleki-scout-park\\\/\"]}]},{\"@type\":\"ImageObject\",\"inLanguage\":\"en-US\",\"@id\":\"https:\\\/\\\/csbk.org\\\/en\\\/teleki-scout-park\\\/#primaryimage\",\"url\":\"https:\\\/\\\/csbk.org\\\/wp-content\\\/uploads\\\/2024\\\/08\\\/kapu-festve2-2018-1024x683.jpg\",\"contentUrl\":\"https:\\\/\\\/csbk.org\\\/wp-content\\\/uploads\\\/2024\\\/08\\\/kapu-festve2-2018-1024x683.jpg\"},{\"@type\":\"BreadcrumbList\",\"@id\":\"https:\\\/\\\/csbk.org\\\/en\\\/teleki-scout-park\\\/#breadcrumb\",\"itemListElement\":[{\"@type\":\"ListItem\",\"position\":1,\"name\":\"Home\",\"item\":\"https:\\\/\\\/csbk.org\\\/en\\\/\"},{\"@type\":\"ListItem\",\"position\":2,\"name\":\"Teleki Scout Park\"}]},{\"@type\":\"WebSite\",\"@id\":\"https:\\\/\\\/csbk.org\\\/en\\\/#website\",\"url\":\"https:\\\/\\\/csbk.org\\\/en\\\/\",\"name\":\"Cserk\u00e9sz Bar\u00e1tok K\u00f6re\",\"description\":\"American Hungarian Friends of Scouting\",\"publisher\":{\"@id\":\"https:\\\/\\\/csbk.org\\\/en\\\/#organization\"},\"potentialAction\":[{\"@type\":\"SearchAction\",\"target\":{\"@type\":\"EntryPoint\",\"urlTemplate\":\"https:\\\/\\\/csbk.org\\\/en\\\/?s={search_term_string}\"},\"query-input\":{\"@type\":\"PropertyValueSpecification\",\"valueRequired\":true,\"valueName\":\"search_term_string\"}}],\"inLanguage\":\"en-US\"},{\"@type\":\"Organization\",\"@id\":\"https:\\\/\\\/csbk.org\\\/en\\\/#organization\",\"name\":\"Cserk\u00e9sz Bar\u00e1tok K\u00f6re\",\"url\":\"https:\\\/\\\/csbk.org\\\/en\\\/\",\"logo\":{\"@type\":\"ImageObject\",\"inLanguage\":\"en-US\",\"@id\":\"https:\\\/\\\/csbk.org\\\/en\\\/#\\\/schema\\\/logo\\\/image\\\/\",\"url\":\"https:\\\/\\\/csbk.org\\\/wp-content\\\/uploads\\\/2018\\\/12\\\/CSBK-WEB-Fejlec2.jpg\",\"contentUrl\":\"https:\\\/\\\/csbk.org\\\/wp-content\\\/uploads\\\/2018\\\/12\\\/CSBK-WEB-Fejlec2.jpg\",\"width\":1200,\"height\":190,\"caption\":\"Cserk\u00e9sz Bar\u00e1tok K\u00f6re\"},\"image\":{\"@id\":\"https:\\\/\\\/csbk.org\\\/en\\\/#\\\/schema\\\/logo\\\/image\\\/\"},\"sameAs\":[\"https:\\\/\\\/www.facebook.com\\\/profile.php?id=100064848181786\"]}]}<\/script>\n<!-- \/ Yoast SEO plugin. -->","yoast_head_json":{"title":"Teleki Scout Park - Cserk\u00e9sz Bar\u00e1tok K\u00f6re","robots":{"index":"index","follow":"follow","max-snippet":"max-snippet:-1","max-image-preview":"max-image-preview:large","max-video-preview":"max-video-preview:-1"},"canonical":"https:\/\/csbk.org\/en\/teleki-scout-park\/","og_locale":"en_US","og_type":"article","og_title":"Teleki Scout Park - Cserk\u00e9sz Bar\u00e1tok K\u00f6re","og_description":"TELEKI SCOUT PARK 3498 Callender Road, Rome, Ohio, 44084 USA Teleki Lane, Rock Creek, Rome Township, Ohio &nbsp; Find it on a [...]","og_url":"https:\/\/csbk.org\/en\/teleki-scout-park\/","og_site_name":"Cserk\u00e9sz Bar\u00e1tok K\u00f6re","article_publisher":"https:\/\/www.facebook.com\/profile.php?id=100064848181786","article_modified_time":"2026-02-16T01:41:07+00:00","og_image":[{"width":1046,"height":698,"url":"https:\/\/csbk.org\/wp-content\/uploads\/2024\/08\/kapu-festve2-2018.jpg","type":"image\/jpeg"}],"twitter_card":"summary_large_image","twitter_misc":{"Est. reading time":"1 minute"},"schema":{"@context":"https:\/\/schema.org","@graph":[{"@type":"WebPage","@id":"https:\/\/csbk.org\/en\/teleki-scout-park\/","url":"https:\/\/csbk.org\/en\/teleki-scout-park\/","name":"Teleki Scout Park - Cserk\u00e9sz Bar\u00e1tok K\u00f6re","isPartOf":{"@id":"https:\/\/csbk.org\/en\/#website"},"primaryImageOfPage":{"@id":"https:\/\/csbk.org\/en\/teleki-scout-park\/#primaryimage"},"image":{"@id":"https:\/\/csbk.org\/en\/teleki-scout-park\/#primaryimage"},"thumbnailUrl":"https:\/\/csbk.org\/wp-content\/uploads\/2024\/08\/kapu-festve2-2018-1024x683.jpg","datePublished":"2024-08-17T19:17:49+00:00","dateModified":"2026-02-16T01:41:07+00:00","breadcrumb":{"@id":"https:\/\/csbk.org\/en\/teleki-scout-park\/#breadcrumb"},"inLanguage":"en-US","potentialAction":[{"@type":"ReadAction","target":["https:\/\/csbk.org\/en\/teleki-scout-park\/"]}]},{"@type":"ImageObject","inLanguage":"en-US","@id":"https:\/\/csbk.org\/en\/teleki-scout-park\/#primaryimage","url":"https:\/\/csbk.org\/wp-content\/uploads\/2024\/08\/kapu-festve2-2018-1024x683.jpg","contentUrl":"https:\/\/csbk.org\/wp-content\/uploads\/2024\/08\/kapu-festve2-2018-1024x683.jpg"},{"@type":"BreadcrumbList","@id":"https:\/\/csbk.org\/en\/teleki-scout-park\/#breadcrumb","itemListElement":[{"@type":"ListItem","position":1,"name":"Home","item":"https:\/\/csbk.org\/en\/"},{"@type":"ListItem","position":2,"name":"Teleki Scout Park"}]},{"@type":"WebSite","@id":"https:\/\/csbk.org\/en\/#website","url":"https:\/\/csbk.org\/en\/","name":"Cserk\u00e9sz Bar\u00e1tok K\u00f6re","description":"American Hungarian Friends of Scouting","publisher":{"@id":"https:\/\/csbk.org\/en\/#organization"},"potentialAction":[{"@type":"SearchAction","target":{"@type":"EntryPoint","urlTemplate":"https:\/\/csbk.org\/en\/?s={search_term_string}"},"query-input":{"@type":"PropertyValueSpecification","valueRequired":true,"valueName":"search_term_string"}}],"inLanguage":"en-US"},{"@type":"Organization","@id":"https:\/\/csbk.org\/en\/#organization","name":"Cserk\u00e9sz Bar\u00e1tok K\u00f6re","url":"https:\/\/csbk.org\/en\/","logo":{"@type":"ImageObject","inLanguage":"en-US","@id":"https:\/\/csbk.org\/en\/#\/schema\/logo\/image\/","url":"https:\/\/csbk.org\/wp-content\/uploads\/2018\/12\/CSBK-WEB-Fejlec2.jpg","contentUrl":"https:\/\/csbk.org\/wp-content\/uploads\/2018\/12\/CSBK-WEB-Fejlec2.jpg","width":1200,"height":190,"caption":"Cserk\u00e9sz Bar\u00e1tok K\u00f6re"},"image":{"@id":"https:\/\/csbk.org\/en\/#\/schema\/logo\/image\/"},"sameAs":["https:\/\/www.facebook.com\/profile.php?id=100064848181786"]}]}},"jetpack_sharing_enabled":true,"jetpack_shortlink":"https:\/\/wp.me\/P7e135-1B6","_links":{"self":[{"href":"https:\/\/csbk.org\/en\/wp-json\/wp\/v2\/pages\/6144","targetHints":{"allow":["GET"]}}],"collection":[{"href":"https:\/\/csbk.org\/en\/wp-json\/wp\/v2\/pages"}],"about":[{"href":"https:\/\/csbk.org\/en\/wp-json\/wp\/v2\/types\/page"}],"author":[{"embeddable":true,"href":"https:\/\/csbk.org\/en\/wp-json\/wp\/v2\/users\/3"}],"replies":[{"embeddable":true,"href":"https:\/\/csbk.org\/en\/wp-json\/wp\/v2\/comments?post=6144"}],"version-history":[{"count":9,"href":"https:\/\/csbk.org\/en\/wp-json\/wp\/v2\/pages\/6144\/revisions"}],"predecessor-version":[{"id":6837,"href":"https:\/\/csbk.org\/en\/wp-json\/wp\/v2\/pages\/6144\/revisions\/6837"}],"wp:attachment":[{"href":"https:\/\/csbk.org\/en\/wp-json\/wp\/v2\/media?parent=6144"}],"curies":[{"name":"wp","href":"https:\/\/api.w.org\/{rel}","templated":true}]}}